{"id":263523,"date":"2024-09-29T13:20:37","date_gmt":"2024-09-29T13:20:37","guid":{"rendered":"https:\/\/irankiuzona.lt\/product\/tepalo-filtro-raktas-land-rover-90-2mm-x-15kampu\/"},"modified":"2026-04-16T07:11:08","modified_gmt":"2026-04-16T07:11:08","slug":"tepalo-filtro-raktas-land-rover-90-2mm-x-15kampu","status":"publish","type":"product","link":"https:\/\/irankiuzona.lt\/ru\/product\/tepalo-filtro-raktas-land-rover-90-2mm-x-15kampu\/","title":{"rendered":"Tepalo filtro raktas LAND ROVER \/ 90.2mm x 15kamp\u0173"},"content":{"rendered":"<p>Aliuminis dangtelis tepalo filtro atsukimui LAND ROVER automobiliams 90,2mm 15kamp\u0173.<\/p>","protected":false},"excerpt":{"rendered":"<p>L\u0117k\u0161tel\u0117 tepalo filtrui\u00a0\u00d8 90,2 mm x 15 kamp\u0173 \/ LAND ROVER automobiliams.Tepalo filtro raktas 90mm x 15k.<\/p>","protected":false},"featured_media":263525,"comment_status":"open","ping_status":"open","template":"","meta":[],"product_cat":[9705],"product_tag":[9845],"class_list":{"0":"post-263523","1":"product","2":"type-product","3":"status-publish","4":"has-post-thumbnail","6":"product_brand-vokietija-germany","7":"product_cat-galvutes-tepalo-filtrui","8":"product_tag-vokietija-germany","10":"first","11":"instock","12":"purchasable","13":"product-type-simple"},"jetpack_sharing_enabled":true,"_links":{"self":[{"href":"https:\/\/irankiuzona.lt\/ru\/wp-json\/wp\/v2\/product\/263523","targetHints":{"allow":["GET"]}}],"collection":[{"href":"https:\/\/irankiuzona.lt\/ru\/wp-json\/wp\/v2\/product"}],"about":[{"href":"https:\/\/irankiuzona.lt\/ru\/wp-json\/wp\/v2\/types\/product"}],"replies":[{"embeddable":true,"href":"https:\/\/irankiuzona.lt\/ru\/wp-json\/wp\/v2\/comments?post=263523"}],"version-history":[{"count":1,"href":"https:\/\/irankiuzona.lt\/ru\/wp-json\/wp\/v2\/product\/263523\/revisions"}],"predecessor-version":[{"id":422961,"href":"https:\/\/irankiuzona.lt\/ru\/wp-json\/wp\/v2\/product\/263523\/revisions\/422961"}],"wp:featuredmedia":[{"embeddable":true,"href":"https:\/\/irankiuzona.lt\/ru\/wp-json\/wp\/v2\/media\/263525"}],"wp:attachment":[{"href":"https:\/\/irankiuzona.lt\/ru\/wp-json\/wp\/v2\/media?parent=263523"}],"wp:term":[{"taxonomy":"product_cat","embeddable":true,"href":"https:\/\/irankiuzona.lt\/ru\/wp-json\/wp\/v2\/product_cat?post=263523"},{"taxonomy":"product_tag","embeddable":true,"href":"https:\/\/irankiuzona.lt\/ru\/wp-json\/wp\/v2\/product_tag?post=263523"}],"curies":[{"name":"wp","href":"https:\/\/api.w.org\/{rel}","templated":true}]}}