{"id":263532,"date":"2024-09-29T13:20:37","date_gmt":"2024-09-29T13:20:37","guid":{"rendered":"https:\/\/irankiuzona.lt\/product\/akumuliatorinis-verzliasukis-1-2-350nm-20v-40ah\/"},"modified":"2026-03-03T14:05:58","modified_gmt":"2026-03-03T14:05:58","slug":"akumuliatorinis-verzliasukis-1-2-350nm-20v-40ah","status":"publish","type":"product","link":"https:\/\/irankiuzona.lt\/ru\/product\/akumuliatorinis-verzliasukis-1-2-350nm-20v-40ah\/","title":{"rendered":"AKUMULIATORINIS VER\u017dLIASUKIS 1\/2 350NM 20V 4,0AH"},"content":{"rendered":"<p>1\/2&quot; kvadratasMax. sukimo momentas 350 NmApsisukim\u0173 skai\u010dius tu\u0161\u010di\u0105ja eiga: 0 &#8211; 2200 aps.\/min.Sm\u016bgi\u0173 da\u017enis: 0 &#8211; 2900 sm\u016bgi\u0173 \/ min.Akumuliatorius Li-ion 20 V, 4.0 Ah\u012ekrovos laikas &#8211; 60 minAkumuliatoriaus \u012fkrovos indikatoriusVeikimo laikas ~56 minKomplektacija: galvut\u0117s 17\/19\/21\/23 mm, 1 akumuliatorius ir \u012fkroviklisCE atitiktisSvoris 2.55 kg (su akumuliatoriumi)<\/p>","protected":false},"excerpt":{"rendered":"<p>AKUMULIATORINIS VER\u017dLIASUKIS 1\/2 350NM 20V 4,0AH<\/p>","protected":false},"featured_media":263534,"comment_status":"open","ping_status":"open","template":"","meta":[],"product_cat":[10114],"product_tag":[],"class_list":{"0":"post-263532","1":"product","2":"type-product","3":"status-publish","4":"has-post-thumbnail","6":"product_cat-1-2-smuginiai-akumuliatoriniai-verzliasukiai","8":"first","9":"outofstock","10":"purchasable","11":"product-type-simple"},"jetpack_sharing_enabled":true,"_links":{"self":[{"href":"https:\/\/irankiuzona.lt\/ru\/wp-json\/wp\/v2\/product\/263532","targetHints":{"allow":["GET"]}}],"collection":[{"href":"https:\/\/irankiuzona.lt\/ru\/wp-json\/wp\/v2\/product"}],"about":[{"href":"https:\/\/irankiuzona.lt\/ru\/wp-json\/wp\/v2\/types\/product"}],"replies":[{"embeddable":true,"href":"https:\/\/irankiuzona.lt\/ru\/wp-json\/wp\/v2\/comments?post=263532"}],"version-history":[{"count":1,"href":"https:\/\/irankiuzona.lt\/ru\/wp-json\/wp\/v2\/product\/263532\/revisions"}],"predecessor-version":[{"id":422963,"href":"https:\/\/irankiuzona.lt\/ru\/wp-json\/wp\/v2\/product\/263532\/revisions\/422963"}],"wp:featuredmedia":[{"embeddable":true,"href":"https:\/\/irankiuzona.lt\/ru\/wp-json\/wp\/v2\/media\/263534"}],"wp:attachment":[{"href":"https:\/\/irankiuzona.lt\/ru\/wp-json\/wp\/v2\/media?parent=263532"}],"wp:term":[{"taxonomy":"product_cat","embeddable":true,"href":"https:\/\/irankiuzona.lt\/ru\/wp-json\/wp\/v2\/product_cat?post=263532"},{"taxonomy":"product_tag","embeddable":true,"href":"https:\/\/irankiuzona.lt\/ru\/wp-json\/wp\/v2\/product_tag?post=263532"}],"curies":[{"name":"wp","href":"https:\/\/api.w.org\/{rel}","templated":true}]}}