{"id":263594,"date":"2024-09-29T13:20:41","date_gmt":"2024-09-29T13:20:41","guid":{"rendered":"https:\/\/irankiuzona.lt\/product\/sriegines-plienines-kniedes-m5-20vnt\/"},"modified":"2026-04-05T23:07:29","modified_gmt":"2026-04-05T23:07:29","slug":"sriegines-plienines-kniedes-m5-20vnt","status":"publish","type":"product","link":"https:\/\/irankiuzona.lt\/ru\/product\/sriegines-plienines-kniedes-m5-20vnt\/","title":{"rendered":"Sriegin\u0117s plienin\u0117s knied\u0117s M5 20vnt."},"content":{"rendered":"<p>. ilgis: 9-15 mm;<br \/>\n. skyl\u0117s skersmuo: 5-9 mm;<br \/>\n. suspaudimo diapazonas: 0,5-3,0 mm.<\/p>","protected":false},"excerpt":{"rendered":"<p>Sriegin\u0117s plienin\u0117s knied\u0117s M5 20vnt.<\/p>","protected":false},"featured_media":263596,"comment_status":"open","ping_status":"open","template":"","meta":[],"product_cat":[9890],"product_tag":[9969],"class_list":{"0":"post-263594","1":"product","2":"type-product","3":"status-publish","4":"has-post-thumbnail","6":"product_brand-hogert-technik-vokietija","7":"product_cat-sriegines-kniedes","8":"product_tag-hogert-technik-vokietija","10":"first","11":"instock","12":"purchasable","13":"product-type-simple"},"jetpack_sharing_enabled":true,"_links":{"self":[{"href":"https:\/\/irankiuzona.lt\/ru\/wp-json\/wp\/v2\/product\/263594","targetHints":{"allow":["GET"]}}],"collection":[{"href":"https:\/\/irankiuzona.lt\/ru\/wp-json\/wp\/v2\/product"}],"about":[{"href":"https:\/\/irankiuzona.lt\/ru\/wp-json\/wp\/v2\/types\/product"}],"replies":[{"embeddable":true,"href":"https:\/\/irankiuzona.lt\/ru\/wp-json\/wp\/v2\/comments?post=263594"}],"version-history":[{"count":0,"href":"https:\/\/irankiuzona.lt\/ru\/wp-json\/wp\/v2\/product\/263594\/revisions"}],"wp:featuredmedia":[{"embeddable":true,"href":"https:\/\/irankiuzona.lt\/ru\/wp-json\/wp\/v2\/media\/263596"}],"wp:attachment":[{"href":"https:\/\/irankiuzona.lt\/ru\/wp-json\/wp\/v2\/media?parent=263594"}],"wp:term":[{"taxonomy":"product_cat","embeddable":true,"href":"https:\/\/irankiuzona.lt\/ru\/wp-json\/wp\/v2\/product_cat?post=263594"},{"taxonomy":"product_tag","embeddable":true,"href":"https:\/\/irankiuzona.lt\/ru\/wp-json\/wp\/v2\/product_tag?post=263594"}],"curies":[{"name":"wp","href":"https:\/\/api.w.org\/{rel}","templated":true}]}}