{"id":263603,"date":"2024-09-29T13:20:42","date_gmt":"2024-09-29T13:20:42","guid":{"rendered":"https:\/\/irankiuzona.lt\/product\/pjuklas-akyto-betono-blokeliams-600mm-17t\/"},"modified":"2026-04-05T23:07:33","modified_gmt":"2026-04-05T23:07:33","slug":"pjuklas-akyto-betono-blokeliams-600mm-17t","status":"publish","type":"product","link":"https:\/\/irankiuzona.lt\/ru\/product\/pjuklas-akyto-betono-blokeliams-600mm-17t\/","title":{"rendered":"Pj\u016bklas akyto betono blokeliams 600mm, 17T"},"content":{"rendered":"<p>. a\u0161men\u0173 ilgis: 600 mm;. dant\u0173 skai\u010dius: 17 TPI;. pjovimo peiliai pagaminti i\u0161 65 MN plieno, indukcinio gr\u016bdinimo 90,7 HRA;. patvar\u016bs a\u0161menys, pagal\u0105sti i\u0161 trij\u0173 pusi\u0173;. sustiprinti dantys, pagaminti i\u0161 TCT volframo karbido;. rankena pagaminta i\u0161 patvarios medienos, u\u017etikrinanti auk\u0161t\u0105 darbo komfort\u0105;. anga pj\u016bklui pakabinti.<\/p>","protected":false},"excerpt":{"rendered":"<p>Pj\u016bklas akyto betono blokeliams 600mm, 17T<\/p>","protected":false},"featured_media":263605,"comment_status":"open","ping_status":"open","template":"","meta":[],"product_cat":[9685],"product_tag":[9969],"class_list":{"0":"post-263603","1":"product","2":"type-product","3":"status-publish","4":"has-post-thumbnail","6":"product_brand-hogert-technik-vokietija","7":"product_cat-pjuklai-silikatiniam-blokui","8":"product_tag-hogert-technik-vokietija","10":"first","11":"instock","12":"purchasable","13":"product-type-simple"},"jetpack_sharing_enabled":true,"_links":{"self":[{"href":"https:\/\/irankiuzona.lt\/ru\/wp-json\/wp\/v2\/product\/263603","targetHints":{"allow":["GET"]}}],"collection":[{"href":"https:\/\/irankiuzona.lt\/ru\/wp-json\/wp\/v2\/product"}],"about":[{"href":"https:\/\/irankiuzona.lt\/ru\/wp-json\/wp\/v2\/types\/product"}],"replies":[{"embeddable":true,"href":"https:\/\/irankiuzona.lt\/ru\/wp-json\/wp\/v2\/comments?post=263603"}],"version-history":[{"count":0,"href":"https:\/\/irankiuzona.lt\/ru\/wp-json\/wp\/v2\/product\/263603\/revisions"}],"wp:featuredmedia":[{"embeddable":true,"href":"https:\/\/irankiuzona.lt\/ru\/wp-json\/wp\/v2\/media\/263605"}],"wp:attachment":[{"href":"https:\/\/irankiuzona.lt\/ru\/wp-json\/wp\/v2\/media?parent=263603"}],"wp:term":[{"taxonomy":"product_cat","embeddable":true,"href":"https:\/\/irankiuzona.lt\/ru\/wp-json\/wp\/v2\/product_cat?post=263603"},{"taxonomy":"product_tag","embeddable":true,"href":"https:\/\/irankiuzona.lt\/ru\/wp-json\/wp\/v2\/product_tag?post=263603"}],"curies":[{"name":"wp","href":"https:\/\/api.w.org\/{rel}","templated":true}]}}