{"id":263627,"date":"2024-09-29T13:20:44","date_gmt":"2024-09-29T13:20:44","guid":{"rendered":"https:\/\/irankiuzona.lt\/product\/dzemperis-su-uztrauktuku-pilkas-m\/"},"modified":"2026-04-22T02:06:04","modified_gmt":"2026-04-22T02:06:04","slug":"dzemperis-su-uztrauktuku-pilkas-m","status":"publish","type":"product","link":"https:\/\/irankiuzona.lt\/ru\/product\/dzemperis-su-uztrauktuku-pilkas-m\/","title":{"rendered":"D\u017eemperis su u\u017etrauktuku, pilkas, M"},"content":{"rendered":"<p>. med\u017eiaga: mezginys 100% poliesteris 290 g\/m\u00b2;. 2 apatin\u0117s ki\u0161en\u0117s su u\u017etrauktuku;. reguliuojama megztinio apa\u010dia, kuri tiksliai priglunda prie k\u016bno ir apsaugo nuo \u0161ilumos praradimo;. guminis rankogalis;. klasikinis, sportinis stilius, tinkantis vyri\u0161kam k\u016bnui.<\/p>","protected":false},"excerpt":{"rendered":"<p>D\u017eemperis su u\u017etrauktuku, pilkas, M<\/p>","protected":false},"featured_media":263629,"comment_status":"open","ping_status":"open","template":"","meta":[],"product_cat":[10082],"product_tag":[9969],"class_list":{"0":"post-263627","1":"product","2":"type-product","3":"status-publish","4":"has-post-thumbnail","6":"product_brand-hogert-technik-vokietija","7":"product_cat-darbiniai-dzemperiai","8":"product_tag-hogert-technik-vokietija","10":"first","11":"instock","12":"purchasable","13":"product-type-simple"},"jetpack_sharing_enabled":true,"_links":{"self":[{"href":"https:\/\/irankiuzona.lt\/ru\/wp-json\/wp\/v2\/product\/263627","targetHints":{"allow":["GET"]}}],"collection":[{"href":"https:\/\/irankiuzona.lt\/ru\/wp-json\/wp\/v2\/product"}],"about":[{"href":"https:\/\/irankiuzona.lt\/ru\/wp-json\/wp\/v2\/types\/product"}],"replies":[{"embeddable":true,"href":"https:\/\/irankiuzona.lt\/ru\/wp-json\/wp\/v2\/comments?post=263627"}],"version-history":[{"count":1,"href":"https:\/\/irankiuzona.lt\/ru\/wp-json\/wp\/v2\/product\/263627\/revisions"}],"predecessor-version":[{"id":422985,"href":"https:\/\/irankiuzona.lt\/ru\/wp-json\/wp\/v2\/product\/263627\/revisions\/422985"}],"wp:featuredmedia":[{"embeddable":true,"href":"https:\/\/irankiuzona.lt\/ru\/wp-json\/wp\/v2\/media\/263629"}],"wp:attachment":[{"href":"https:\/\/irankiuzona.lt\/ru\/wp-json\/wp\/v2\/media?parent=263627"}],"wp:term":[{"taxonomy":"product_cat","embeddable":true,"href":"https:\/\/irankiuzona.lt\/ru\/wp-json\/wp\/v2\/product_cat?post=263627"},{"taxonomy":"product_tag","embeddable":true,"href":"https:\/\/irankiuzona.lt\/ru\/wp-json\/wp\/v2\/product_tag?post=263627"}],"curies":[{"name":"wp","href":"https:\/\/api.w.org\/{rel}","templated":true}]}}