{"id":263636,"date":"2024-09-29T13:20:45","date_gmt":"2024-09-29T13:20:45","guid":{"rendered":"https:\/\/irankiuzona.lt\/product\/varztas-asis-su-guoliais-ir-verzlemis-m18\/"},"modified":"2026-04-22T09:28:36","modified_gmt":"2026-04-22T09:28:36","slug":"varztas-asis-su-guoliais-ir-verzlemis-m18","status":"publish","type":"product","link":"https:\/\/irankiuzona.lt\/ru\/product\/varztas-asis-su-guoliais-ir-verzlemis-m18\/","title":{"rendered":"Var\u017etas, a\u0161is su guoliais ir ver\u017el\u0117mis M18"},"content":{"rendered":"","protected":false},"excerpt":{"rendered":"<p>Presavimo var\u017etas, a\u0161is su guoliais ir ver\u017el\u0117mis M18<\/p>","protected":false},"featured_media":263638,"comment_status":"open","ping_status":"open","template":"","meta":[],"product_cat":[9731],"product_tag":[9435],"class_list":{"0":"post-263636","1":"product","2":"type-product","3":"status-publish","4":"has-post-thumbnail","6":"product_brand-kinija","7":"product_cat-guoliu-sailentbloku-presavimo-irankiai","8":"product_tag-kinija","10":"first","11":"instock","12":"purchasable","13":"product-type-simple"},"jetpack_sharing_enabled":true,"_links":{"self":[{"href":"https:\/\/irankiuzona.lt\/ru\/wp-json\/wp\/v2\/product\/263636","targetHints":{"allow":["GET"]}}],"collection":[{"href":"https:\/\/irankiuzona.lt\/ru\/wp-json\/wp\/v2\/product"}],"about":[{"href":"https:\/\/irankiuzona.lt\/ru\/wp-json\/wp\/v2\/types\/product"}],"replies":[{"embeddable":true,"href":"https:\/\/irankiuzona.lt\/ru\/wp-json\/wp\/v2\/comments?post=263636"}],"version-history":[{"count":1,"href":"https:\/\/irankiuzona.lt\/ru\/wp-json\/wp\/v2\/product\/263636\/revisions"}],"predecessor-version":[{"id":422988,"href":"https:\/\/irankiuzona.lt\/ru\/wp-json\/wp\/v2\/product\/263636\/revisions\/422988"}],"wp:featuredmedia":[{"embeddable":true,"href":"https:\/\/irankiuzona.lt\/ru\/wp-json\/wp\/v2\/media\/263638"}],"wp:attachment":[{"href":"https:\/\/irankiuzona.lt\/ru\/wp-json\/wp\/v2\/media?parent=263636"}],"wp:term":[{"taxonomy":"product_cat","embeddable":true,"href":"https:\/\/irankiuzona.lt\/ru\/wp-json\/wp\/v2\/product_cat?post=263636"},{"taxonomy":"product_tag","embeddable":true,"href":"https:\/\/irankiuzona.lt\/ru\/wp-json\/wp\/v2\/product_tag?post=263636"}],"curies":[{"name":"wp","href":"https:\/\/api.w.org\/{rel}","templated":true}]}}