{"id":263711,"date":"2024-09-29T13:20:52","date_gmt":"2024-09-29T13:20:52","guid":{"rendered":"https:\/\/irankiuzona.lt\/product\/lekstutes-tepalo-filtrui-new-modeliams-19vnt\/"},"modified":"2026-04-13T06:34:10","modified_gmt":"2026-04-13T06:34:10","slug":"lekstutes-tepalo-filtrui-new-modeliams-19vnt","status":"publish","type":"product","link":"https:\/\/irankiuzona.lt\/ru\/product\/lekstutes-tepalo-filtrui-new-modeliams-19vnt\/","title":{"rendered":"L\u0117k\u0161tut\u0117s tepalo filtrui New modeliams 19vnt."},"content":{"rendered":"<p>1\/2&quot; 27\/24mm 6-kamp\u01731\/2&quot; 27\/27mm 6-kamp\u01731\/2&quot; 27\/30mm 6-kamp\u01731\/2&quot; 27\/32,5mm 6-kamp\u01731\/2&quot; 27\/36mm 6-kamp\u01731\/2&quot; 27\/38mm 6-kamp\u01731\/2&quot; 63\/64mm 14-kamp\u01731\/2&quot; 27\/66,5mm 14-kamp\u01733\/8&quot; 27\/70mm 14-kamp\u01731\/2&quot; 27\/74mm 14-kamp\u01733\/8&quot; 24\/79mm 15-kamp\u01733\/8&quot; 27\/79,5mm 14-kamp\u01733\/8&quot; 27\/84mm 14-kamp\u01731\/2&quot; 27\/87mm 16-kamp\u01733\/8&quot; 24\/92mm 15-kamp\u01733\/8&quot; 24\/94,5mm 15-kamp\u01733\/8&quot; 24\/100,5mm 15-kamp\u0173Universalus filtro raktas 3\/8&quot; 3-KOJIS 55-90mmPer\u0117jimas 3\/8&quot; &#8212;> 1\/2&quot;<\/p>","protected":false},"excerpt":{"rendered":"<p>L\u0117k\u0161tut\u0117s tepalo filtrui New modeliams 19vnt.<\/p>","protected":false},"featured_media":263713,"comment_status":"open","ping_status":"open","template":"","meta":[],"product_cat":[9547],"product_tag":[9462],"class_list":{"0":"post-263711","1":"product","2":"type-product","3":"status-publish","4":"has-post-thumbnail","6":"product_brand-condor-werkzeug-vokietija","7":"product_cat-galvu-komplektai-tepalo-filtrams","8":"product_tag-condor-werkzeug-vokietija","10":"first","11":"instock","12":"purchasable","13":"product-type-simple"},"jetpack_sharing_enabled":true,"_links":{"self":[{"href":"https:\/\/irankiuzona.lt\/ru\/wp-json\/wp\/v2\/product\/263711","targetHints":{"allow":["GET"]}}],"collection":[{"href":"https:\/\/irankiuzona.lt\/ru\/wp-json\/wp\/v2\/product"}],"about":[{"href":"https:\/\/irankiuzona.lt\/ru\/wp-json\/wp\/v2\/types\/product"}],"replies":[{"embeddable":true,"href":"https:\/\/irankiuzona.lt\/ru\/wp-json\/wp\/v2\/comments?post=263711"}],"version-history":[{"count":1,"href":"https:\/\/irankiuzona.lt\/ru\/wp-json\/wp\/v2\/product\/263711\/revisions"}],"predecessor-version":[{"id":423013,"href":"https:\/\/irankiuzona.lt\/ru\/wp-json\/wp\/v2\/product\/263711\/revisions\/423013"}],"wp:featuredmedia":[{"embeddable":true,"href":"https:\/\/irankiuzona.lt\/ru\/wp-json\/wp\/v2\/media\/263713"}],"wp:attachment":[{"href":"https:\/\/irankiuzona.lt\/ru\/wp-json\/wp\/v2\/media?parent=263711"}],"wp:term":[{"taxonomy":"product_cat","embeddable":true,"href":"https:\/\/irankiuzona.lt\/ru\/wp-json\/wp\/v2\/product_cat?post=263711"},{"taxonomy":"product_tag","embeddable":true,"href":"https:\/\/irankiuzona.lt\/ru\/wp-json\/wp\/v2\/product_tag?post=263711"}],"curies":[{"name":"wp","href":"https:\/\/api.w.org\/{rel}","templated":true}]}}