{"id":263768,"date":"2024-09-29T13:20:58","date_gmt":"2024-09-29T13:20:58","guid":{"rendered":"https:\/\/irankiuzona.lt\/product\/murininko-virve-100m-melyna-su-rankena\/"},"modified":"2026-04-15T00:56:16","modified_gmt":"2026-04-15T00:56:16","slug":"murininko-virve-100m-melyna-su-rankena","status":"publish","type":"product","link":"https:\/\/irankiuzona.lt\/ru\/product\/murininko-virve-100m-melyna-su-rankena\/","title":{"rendered":"M\u016brininko virv\u0117 100m, m\u0117lyna, su rankena"},"content":{"rendered":"<p>M\u016brininko virv\u0117 100m, m\u0117lyna, su rankena<\/p>","protected":false},"excerpt":{"rendered":"<p>M\u016brininko virv\u0117 100m, m\u0117lyna, su rankena<\/p>","protected":false},"featured_media":263770,"comment_status":"open","ping_status":"open","template":"","meta":[],"product_cat":[9447],"product_tag":[9969],"class_list":{"0":"post-263768","1":"product","2":"type-product","3":"status-publish","4":"has-post-thumbnail","6":"product_brand-hogert-technik-vokietija","7":"product_cat-virves","8":"product_tag-hogert-technik-vokietija","10":"first","11":"instock","12":"purchasable","13":"product-type-simple"},"jetpack_sharing_enabled":true,"_links":{"self":[{"href":"https:\/\/irankiuzona.lt\/ru\/wp-json\/wp\/v2\/product\/263768","targetHints":{"allow":["GET"]}}],"collection":[{"href":"https:\/\/irankiuzona.lt\/ru\/wp-json\/wp\/v2\/product"}],"about":[{"href":"https:\/\/irankiuzona.lt\/ru\/wp-json\/wp\/v2\/types\/product"}],"replies":[{"embeddable":true,"href":"https:\/\/irankiuzona.lt\/ru\/wp-json\/wp\/v2\/comments?post=263768"}],"version-history":[{"count":1,"href":"https:\/\/irankiuzona.lt\/ru\/wp-json\/wp\/v2\/product\/263768\/revisions"}],"predecessor-version":[{"id":423032,"href":"https:\/\/irankiuzona.lt\/ru\/wp-json\/wp\/v2\/product\/263768\/revisions\/423032"}],"wp:featuredmedia":[{"embeddable":true,"href":"https:\/\/irankiuzona.lt\/ru\/wp-json\/wp\/v2\/media\/263770"}],"wp:attachment":[{"href":"https:\/\/irankiuzona.lt\/ru\/wp-json\/wp\/v2\/media?parent=263768"}],"wp:term":[{"taxonomy":"product_cat","embeddable":true,"href":"https:\/\/irankiuzona.lt\/ru\/wp-json\/wp\/v2\/product_cat?post=263768"},{"taxonomy":"product_tag","embeddable":true,"href":"https:\/\/irankiuzona.lt\/ru\/wp-json\/wp\/v2\/product_tag?post=263768"}],"curies":[{"name":"wp","href":"https:\/\/api.w.org\/{rel}","templated":true}]}}