{"id":263771,"date":"2024-09-29T13:20:58","date_gmt":"2024-09-29T13:20:58","guid":{"rendered":"https:\/\/irankiuzona.lt\/product\/deklas-vezimeliui-su-metalo-apdirbimo-irankiais\/"},"modified":"2026-04-15T02:29:55","modified_gmt":"2026-04-15T02:29:55","slug":"deklas-vezimeliui-su-metalo-apdirbimo-irankiais","status":"publish","type":"product","link":"https:\/\/irankiuzona.lt\/ru\/product\/deklas-vezimeliui-su-metalo-apdirbimo-irankiais\/","title":{"rendered":"D\u0117klas ve\u017eim\u0117liui su metalo apdirbimo \u012frankiais"},"content":{"rendered":"<p>. Metalo gr\u0105\u017et\u0173 rinkinys 19vnt., dydis 1 &#8211; 10 mm;. 3 vienetai 4-32 mm pakopiniai gr\u0105\u017etai;.\u00a0\u0161lifavimo\u00a0diskas \u00d8125 mm x 22,2 mm, skirtas \u0161lifuoti \u012fprast\u0105 ir ner\u016bdijant\u012f plien\u0105, taip pat akmen\u012f,mediena arba plastikas;. dviej\u0173 L formos magnetinio suvirinimo laikikli\u0173 rinkinys.<\/p>","protected":false},"excerpt":{"rendered":"<p>D\u0117klas ve\u017eim\u0117liui su metalo apdirbimo \u012frankiais<\/p>","protected":false},"featured_media":263773,"comment_status":"open","ping_status":"open","template":"","meta":[],"product_cat":[9870],"product_tag":[9969],"class_list":{"0":"post-263771","1":"product","2":"type-product","3":"status-publish","4":"has-post-thumbnail","6":"product_brand-hogert-technik-vokietija","7":"product_cat-deklai-i-vezimus-su-irankiais-ir-tusti","8":"product_tag-hogert-technik-vokietija","10":"first","11":"instock","12":"purchasable","13":"product-type-simple"},"jetpack_sharing_enabled":true,"_links":{"self":[{"href":"https:\/\/irankiuzona.lt\/ru\/wp-json\/wp\/v2\/product\/263771","targetHints":{"allow":["GET"]}}],"collection":[{"href":"https:\/\/irankiuzona.lt\/ru\/wp-json\/wp\/v2\/product"}],"about":[{"href":"https:\/\/irankiuzona.lt\/ru\/wp-json\/wp\/v2\/types\/product"}],"replies":[{"embeddable":true,"href":"https:\/\/irankiuzona.lt\/ru\/wp-json\/wp\/v2\/comments?post=263771"}],"version-history":[{"count":1,"href":"https:\/\/irankiuzona.lt\/ru\/wp-json\/wp\/v2\/product\/263771\/revisions"}],"predecessor-version":[{"id":423033,"href":"https:\/\/irankiuzona.lt\/ru\/wp-json\/wp\/v2\/product\/263771\/revisions\/423033"}],"wp:featuredmedia":[{"embeddable":true,"href":"https:\/\/irankiuzona.lt\/ru\/wp-json\/wp\/v2\/media\/263773"}],"wp:attachment":[{"href":"https:\/\/irankiuzona.lt\/ru\/wp-json\/wp\/v2\/media?parent=263771"}],"wp:term":[{"taxonomy":"product_cat","embeddable":true,"href":"https:\/\/irankiuzona.lt\/ru\/wp-json\/wp\/v2\/product_cat?post=263771"},{"taxonomy":"product_tag","embeddable":true,"href":"https:\/\/irankiuzona.lt\/ru\/wp-json\/wp\/v2\/product_tag?post=263771"}],"curies":[{"name":"wp","href":"https:\/\/api.w.org\/{rel}","templated":true}]}}