{"id":263774,"date":"2024-09-29T13:20:58","date_gmt":"2024-09-29T13:20:58","guid":{"rendered":"https:\/\/irankiuzona.lt\/product\/kniediklis-su-kniedemis-su-deklu-vezimeliui-201daliu\/"},"modified":"2026-04-15T04:28:59","modified_gmt":"2026-04-15T04:28:59","slug":"kniediklis-su-kniedemis-su-deklu-vezimeliui-201daliu","status":"publish","type":"product","link":"https:\/\/irankiuzona.lt\/ru\/product\/kniediklis-su-kniedemis-su-deklu-vezimeliui-201daliu\/","title":{"rendered":"Kniediklis su knied\u0117mis su d\u0117klu ve\u017eim\u0117liui, 201dali\u0173"},"content":{"rendered":"<p>215 mm\u00a0kniediklis HT2C152<br \/>\nknied\u0117s:<br \/>\n2,4 mm 50\u00a0vnt;<br \/>\n3,2 mm 50\u00a0vnt\u00a0;<br \/>\n4,0 mm 50 vnt;<br \/>\n4,8 mm 50 vnt.<\/p>","protected":false},"excerpt":{"rendered":"<p>Kniediklis su knied\u0117mis su d\u0117klu ve\u017eim\u0117liui, 201dali\u0173<\/p>","protected":false},"featured_media":263776,"comment_status":"open","ping_status":"open","template":"","meta":[],"product_cat":[9870],"product_tag":[9969],"class_list":{"0":"post-263774","1":"product","2":"type-product","3":"status-publish","4":"has-post-thumbnail","6":"product_brand-hogert-technik-vokietija","7":"product_cat-deklai-i-vezimus-su-irankiais-ir-tusti","8":"product_tag-hogert-technik-vokietija","10":"first","11":"instock","12":"purchasable","13":"product-type-simple"},"jetpack_sharing_enabled":true,"_links":{"self":[{"href":"https:\/\/irankiuzona.lt\/ru\/wp-json\/wp\/v2\/product\/263774","targetHints":{"allow":["GET"]}}],"collection":[{"href":"https:\/\/irankiuzona.lt\/ru\/wp-json\/wp\/v2\/product"}],"about":[{"href":"https:\/\/irankiuzona.lt\/ru\/wp-json\/wp\/v2\/types\/product"}],"replies":[{"embeddable":true,"href":"https:\/\/irankiuzona.lt\/ru\/wp-json\/wp\/v2\/comments?post=263774"}],"version-history":[{"count":1,"href":"https:\/\/irankiuzona.lt\/ru\/wp-json\/wp\/v2\/product\/263774\/revisions"}],"predecessor-version":[{"id":423034,"href":"https:\/\/irankiuzona.lt\/ru\/wp-json\/wp\/v2\/product\/263774\/revisions\/423034"}],"wp:featuredmedia":[{"embeddable":true,"href":"https:\/\/irankiuzona.lt\/ru\/wp-json\/wp\/v2\/media\/263776"}],"wp:attachment":[{"href":"https:\/\/irankiuzona.lt\/ru\/wp-json\/wp\/v2\/media?parent=263774"}],"wp:term":[{"taxonomy":"product_cat","embeddable":true,"href":"https:\/\/irankiuzona.lt\/ru\/wp-json\/wp\/v2\/product_cat?post=263774"},{"taxonomy":"product_tag","embeddable":true,"href":"https:\/\/irankiuzona.lt\/ru\/wp-json\/wp\/v2\/product_tag?post=263774"}],"curies":[{"name":"wp","href":"https:\/\/api.w.org\/{rel}","templated":true}]}}