{"id":263838,"date":"2024-09-29T13:30:07","date_gmt":"2024-09-29T13:30:07","guid":{"rendered":"https:\/\/irankiuzona.lt\/product\/apsauginiai-akiniai-reguliuojami-geltoni\/"},"modified":"2026-04-13T08:45:01","modified_gmt":"2026-04-13T08:45:01","slug":"apsauginiai-akiniai-reguliuojami-geltoni","status":"publish","type":"product","link":"https:\/\/irankiuzona.lt\/ru\/product\/apsauginiai-akiniai-reguliuojami-geltoni\/","title":{"rendered":"Apsauginiai akiniai reguliuojami  geltoni"},"content":{"rendered":"<p>Apsauginiai akiniai, skirti apsaugoti akis atliekant rankin\u012f ir mechanin\u012f darb\u0105, pvz., \u0161lifuojant, gr\u0119\u017eiant, ir pan. Optin\u0117 klas\u0117: 1 \u2013 auk\u0161\u010diausia reg\u0117jimo kokyb\u0117, rekomenduojama nuolatiniam darbui. L\u0119\u0161io med\u017eiaga \u2013 polikarbonatas. Atitinka EN 166 standarto reikalavimus.<\/p>","protected":false},"excerpt":{"rendered":"<p>Apsauginiai akiniai reguliuojami\u00a0 geltoni<\/p>","protected":false},"featured_media":263840,"comment_status":"open","ping_status":"open","template":"","meta":[],"product_cat":[9848],"product_tag":[10087],"class_list":{"0":"post-263838","1":"product","2":"type-product","3":"status-publish","4":"has-post-thumbnail","6":"product_brand-verke","7":"product_cat-apsauginiai-akiniai","8":"product_tag-verke","10":"first","11":"outofstock","12":"purchasable","13":"product-type-simple"},"jetpack_sharing_enabled":true,"_links":{"self":[{"href":"https:\/\/irankiuzona.lt\/ru\/wp-json\/wp\/v2\/product\/263838","targetHints":{"allow":["GET"]}}],"collection":[{"href":"https:\/\/irankiuzona.lt\/ru\/wp-json\/wp\/v2\/product"}],"about":[{"href":"https:\/\/irankiuzona.lt\/ru\/wp-json\/wp\/v2\/types\/product"}],"replies":[{"embeddable":true,"href":"https:\/\/irankiuzona.lt\/ru\/wp-json\/wp\/v2\/comments?post=263838"}],"version-history":[{"count":1,"href":"https:\/\/irankiuzona.lt\/ru\/wp-json\/wp\/v2\/product\/263838\/revisions"}],"predecessor-version":[{"id":423056,"href":"https:\/\/irankiuzona.lt\/ru\/wp-json\/wp\/v2\/product\/263838\/revisions\/423056"}],"wp:featuredmedia":[{"embeddable":true,"href":"https:\/\/irankiuzona.lt\/ru\/wp-json\/wp\/v2\/media\/263840"}],"wp:attachment":[{"href":"https:\/\/irankiuzona.lt\/ru\/wp-json\/wp\/v2\/media?parent=263838"}],"wp:term":[{"taxonomy":"product_cat","embeddable":true,"href":"https:\/\/irankiuzona.lt\/ru\/wp-json\/wp\/v2\/product_cat?post=263838"},{"taxonomy":"product_tag","embeddable":true,"href":"https:\/\/irankiuzona.lt\/ru\/wp-json\/wp\/v2\/product_tag?post=263838"}],"curies":[{"name":"wp","href":"https:\/\/api.w.org\/{rel}","templated":true}]}}