{"id":263841,"date":"2024-09-29T13:30:07","date_gmt":"2024-09-29T13:30:07","guid":{"rendered":"https:\/\/irankiuzona.lt\/product\/reples-plieniniu-kabeliu-uzspaudimui-600mm\/"},"modified":"2026-04-13T09:52:26","modified_gmt":"2026-04-13T09:52:26","slug":"reples-plieniniu-kabeliu-uzspaudimui-600mm","status":"publish","type":"product","link":"https:\/\/irankiuzona.lt\/ru\/product\/reples-plieniniu-kabeliu-uzspaudimui-600mm\/","title":{"rendered":"Repl\u0117s plienini\u0173 kabeli\u0173 u\u017espaudimui 600mm"},"content":{"rendered":"<p>Specialios repl\u0117s, skirtos plienini\u0173 lyn\u0173 \u012fvor\u0117ms u\u017espausti. 5 skersmen\u0173, ma\u017edaug 4\/6,5\/8\/9\/10 mm, antgali\u0173 u\u017espaudimui. Repli\u0173 ilgis apie 660 mm.\u00a0<\/p>","protected":false},"excerpt":{"rendered":"<p>Repl\u0117s plienini\u0173 kabeli\u0173 u\u017espaudimui 600mm<\/p>","protected":false},"featured_media":263843,"comment_status":"open","ping_status":"open","template":"","meta":[],"product_cat":[9971],"product_tag":[10087],"class_list":{"0":"post-263841","1":"product","2":"type-product","3":"status-publish","4":"has-post-thumbnail","6":"product_brand-verke","7":"product_cat-reples-znyples-uzspaudimui-elektrikui","8":"product_tag-verke","10":"first","11":"outofstock","12":"purchasable","13":"product-type-simple"},"jetpack_sharing_enabled":true,"_links":{"self":[{"href":"https:\/\/irankiuzona.lt\/ru\/wp-json\/wp\/v2\/product\/263841","targetHints":{"allow":["GET"]}}],"collection":[{"href":"https:\/\/irankiuzona.lt\/ru\/wp-json\/wp\/v2\/product"}],"about":[{"href":"https:\/\/irankiuzona.lt\/ru\/wp-json\/wp\/v2\/types\/product"}],"replies":[{"embeddable":true,"href":"https:\/\/irankiuzona.lt\/ru\/wp-json\/wp\/v2\/comments?post=263841"}],"version-history":[{"count":1,"href":"https:\/\/irankiuzona.lt\/ru\/wp-json\/wp\/v2\/product\/263841\/revisions"}],"predecessor-version":[{"id":423057,"href":"https:\/\/irankiuzona.lt\/ru\/wp-json\/wp\/v2\/product\/263841\/revisions\/423057"}],"wp:featuredmedia":[{"embeddable":true,"href":"https:\/\/irankiuzona.lt\/ru\/wp-json\/wp\/v2\/media\/263843"}],"wp:attachment":[{"href":"https:\/\/irankiuzona.lt\/ru\/wp-json\/wp\/v2\/media?parent=263841"}],"wp:term":[{"taxonomy":"product_cat","embeddable":true,"href":"https:\/\/irankiuzona.lt\/ru\/wp-json\/wp\/v2\/product_cat?post=263841"},{"taxonomy":"product_tag","embeddable":true,"href":"https:\/\/irankiuzona.lt\/ru\/wp-json\/wp\/v2\/product_tag?post=263841"}],"curies":[{"name":"wp","href":"https:\/\/api.w.org\/{rel}","templated":true}]}}