{"id":264084,"date":"2024-09-29T13:30:32","date_gmt":"2024-09-29T13:30:32","guid":{"rendered":"https:\/\/irankiuzona.lt\/product\/kombinuotu-raktu-komplektas-su-atvira-terksle\/"},"modified":"2026-05-14T20:40:35","modified_gmt":"2026-05-14T20:40:35","slug":"kombinuotu-raktu-komplektas-su-atvira-terksle","status":"publish","type":"product","link":"https:\/\/irankiuzona.lt\/ru\/product\/kombinuotu-raktu-komplektas-su-atvira-terksle\/","title":{"rendered":"Kombinuot\u0173 rakt\u0173 komplektas su atvira terk\u0161le"},"content":{"rendered":"<p>Dyd\u017eiai 8, 10, 12, 13, 14, 15, 17 mmUniversalus raktas tinka 12 kamp\u0173, 6 kamp\u0173, suapvalintam 6 kamp\u0173, spline, Eternal Torx\u00ae ir kvadratin\u0117ms tvirtinimo detal\u0117msEleganti\u0161kas galvos dizainas leid\u017eia pasiekti ank\u0161tas vietas, kur netilps terk\u0161l\u0117Gerai matomi antspauduoti \u017eenklai leid\u017eia greitai nustatyti dyd\u012fJuodo oksido apdaila atspari korozijaiPagaminta i\u0161 plieno, kad b\u016bt\u0173 geresnis tvirtumas ir ilgesnis \u012frankio tarnavimo laikas<\/p>","protected":false},"excerpt":{"rendered":"<p>Kombinuot\u0173 universali\u0173 rakt\u0173 komplektas su terk\u0161le atvirame rakto gale (7 dali\u0173 komplektas).<\/p>","protected":false},"featured_media":264086,"comment_status":"open","ping_status":"open","template":"","meta":[],"product_cat":[9610],"product_tag":[9435],"class_list":{"0":"post-264084","1":"product","2":"type-product","3":"status-publish","4":"has-post-thumbnail","6":"product_brand-kinija","7":"product_cat-terksliniu-raktu-komplektai","8":"product_tag-kinija","10":"first","11":"instock","12":"purchasable","13":"product-type-simple"},"jetpack_sharing_enabled":true,"_links":{"self":[{"href":"https:\/\/irankiuzona.lt\/ru\/wp-json\/wp\/v2\/product\/264084","targetHints":{"allow":["GET"]}}],"collection":[{"href":"https:\/\/irankiuzona.lt\/ru\/wp-json\/wp\/v2\/product"}],"about":[{"href":"https:\/\/irankiuzona.lt\/ru\/wp-json\/wp\/v2\/types\/product"}],"replies":[{"embeddable":true,"href":"https:\/\/irankiuzona.lt\/ru\/wp-json\/wp\/v2\/comments?post=264084"}],"version-history":[{"count":1,"href":"https:\/\/irankiuzona.lt\/ru\/wp-json\/wp\/v2\/product\/264084\/revisions"}],"predecessor-version":[{"id":423138,"href":"https:\/\/irankiuzona.lt\/ru\/wp-json\/wp\/v2\/product\/264084\/revisions\/423138"}],"wp:featuredmedia":[{"embeddable":true,"href":"https:\/\/irankiuzona.lt\/ru\/wp-json\/wp\/v2\/media\/264086"}],"wp:attachment":[{"href":"https:\/\/irankiuzona.lt\/ru\/wp-json\/wp\/v2\/media?parent=264084"}],"wp:term":[{"taxonomy":"product_cat","embeddable":true,"href":"https:\/\/irankiuzona.lt\/ru\/wp-json\/wp\/v2\/product_cat?post=264084"},{"taxonomy":"product_tag","embeddable":true,"href":"https:\/\/irankiuzona.lt\/ru\/wp-json\/wp\/v2\/product_tag?post=264084"}],"curies":[{"name":"wp","href":"https:\/\/api.w.org\/{rel}","templated":true}]}}