{"id":264100,"date":"2024-09-29T13:30:34","date_gmt":"2024-09-29T13:30:34","guid":{"rendered":"https:\/\/irankiuzona.lt\/product\/pirstines-medvilnines-aplietos-lateksu-9-dydis\/"},"modified":"2026-04-15T21:04:50","modified_gmt":"2026-04-15T21:04:50","slug":"pirstines-medvilnines-aplietos-lateksu-9-dydis","status":"publish","type":"product","link":"https:\/\/irankiuzona.lt\/ru\/product\/pirstines-medvilnines-aplietos-lateksu-9-dydis\/","title":{"rendered":"Pir\u0161tin\u0117s medvilnin\u0117s aplietos lateksu 9 Dydis"},"content":{"rendered":"<p>med\u017eiaga: poliesterio trikota\u017eas;vir\u0161utin\u0117 ir rankenos dalis padengta nitrilo danga;atsparumas ply\u0161imui ir prad\u016brimui;puikus sukibimas ir lyt\u0117jimo jausmas;saugus aplinkai, nitrilas yra biologi\u0161kai skaidus.<\/p>","protected":false},"excerpt":{"rendered":"<p>Pir\u0161tin\u0117s medvilnin\u0117s aplietos lateksu 9 Dydis<\/p>","protected":false},"featured_media":196012,"comment_status":"open","ping_status":"open","template":"","meta":[],"product_cat":[9990],"product_tag":[9969],"class_list":{"0":"post-264100","1":"product","2":"type-product","3":"status-publish","4":"has-post-thumbnail","6":"product_brand-hogert-technik-vokietija","7":"product_cat-aplietos-darbo-pirstines","8":"product_tag-hogert-technik-vokietija","10":"first","11":"instock","12":"purchasable","13":"product-type-simple"},"jetpack_sharing_enabled":true,"_links":{"self":[{"href":"https:\/\/irankiuzona.lt\/ru\/wp-json\/wp\/v2\/product\/264100","targetHints":{"allow":["GET"]}}],"collection":[{"href":"https:\/\/irankiuzona.lt\/ru\/wp-json\/wp\/v2\/product"}],"about":[{"href":"https:\/\/irankiuzona.lt\/ru\/wp-json\/wp\/v2\/types\/product"}],"replies":[{"embeddable":true,"href":"https:\/\/irankiuzona.lt\/ru\/wp-json\/wp\/v2\/comments?post=264100"}],"version-history":[{"count":1,"href":"https:\/\/irankiuzona.lt\/ru\/wp-json\/wp\/v2\/product\/264100\/revisions"}],"predecessor-version":[{"id":423144,"href":"https:\/\/irankiuzona.lt\/ru\/wp-json\/wp\/v2\/product\/264100\/revisions\/423144"}],"wp:featuredmedia":[{"embeddable":true,"href":"https:\/\/irankiuzona.lt\/ru\/wp-json\/wp\/v2\/media\/196012"}],"wp:attachment":[{"href":"https:\/\/irankiuzona.lt\/ru\/wp-json\/wp\/v2\/media?parent=264100"}],"wp:term":[{"taxonomy":"product_cat","embeddable":true,"href":"https:\/\/irankiuzona.lt\/ru\/wp-json\/wp\/v2\/product_cat?post=264100"},{"taxonomy":"product_tag","embeddable":true,"href":"https:\/\/irankiuzona.lt\/ru\/wp-json\/wp\/v2\/product_tag?post=264100"}],"curies":[{"name":"wp","href":"https:\/\/api.w.org\/{rel}","templated":true}]}}