{"id":264105,"date":"2024-09-29T13:30:34","date_gmt":"2024-09-29T13:30:34","guid":{"rendered":"https:\/\/irankiuzona.lt\/product\/darbo-pirstines-polyester-polyurethane-10-dydis\/"},"modified":"2026-04-16T04:29:26","modified_gmt":"2026-04-16T04:29:26","slug":"darbo-pirstines-polyester-polyurethane-10-dydis","status":"publish","type":"product","link":"https:\/\/irankiuzona.lt\/ru\/product\/darbo-pirstines-polyester-polyurethane-10-dydis\/","title":{"rendered":"Darbo pir\u0161tin\u0117s polyester\/polyurethane 10 dydis"},"content":{"rendered":"<p>med\u017eiaga: poliuretanu padengtas poliesterio mezginysatsparumas dilimuiatsparumas ply\u0161imuipuikus sukibimas priglunda prie rankos, elastinga.rie\u0161o dir\u017eelis;neslystanti med\u017eiaga, neleid\u017eianti paslysti dirbant su \u012frankiais.<\/p>","protected":false},"excerpt":{"rendered":"<p>Darbo pir\u0161tin\u0117s polyester\/polyurethane 10 dydis<\/p>","protected":false},"featured_media":264107,"comment_status":"open","ping_status":"open","template":"","meta":[],"product_cat":[9990],"product_tag":[9969],"class_list":{"0":"post-264105","1":"product","2":"type-product","3":"status-publish","4":"has-post-thumbnail","6":"product_brand-hogert-technik-vokietija","7":"product_cat-aplietos-darbo-pirstines","8":"product_tag-hogert-technik-vokietija","10":"first","11":"instock","12":"purchasable","13":"product-type-simple"},"jetpack_sharing_enabled":true,"_links":{"self":[{"href":"https:\/\/irankiuzona.lt\/ru\/wp-json\/wp\/v2\/product\/264105","targetHints":{"allow":["GET"]}}],"collection":[{"href":"https:\/\/irankiuzona.lt\/ru\/wp-json\/wp\/v2\/product"}],"about":[{"href":"https:\/\/irankiuzona.lt\/ru\/wp-json\/wp\/v2\/types\/product"}],"replies":[{"embeddable":true,"href":"https:\/\/irankiuzona.lt\/ru\/wp-json\/wp\/v2\/comments?post=264105"}],"version-history":[{"count":1,"href":"https:\/\/irankiuzona.lt\/ru\/wp-json\/wp\/v2\/product\/264105\/revisions"}],"predecessor-version":[{"id":423146,"href":"https:\/\/irankiuzona.lt\/ru\/wp-json\/wp\/v2\/product\/264105\/revisions\/423146"}],"wp:featuredmedia":[{"embeddable":true,"href":"https:\/\/irankiuzona.lt\/ru\/wp-json\/wp\/v2\/media\/264107"}],"wp:attachment":[{"href":"https:\/\/irankiuzona.lt\/ru\/wp-json\/wp\/v2\/media?parent=264105"}],"wp:term":[{"taxonomy":"product_cat","embeddable":true,"href":"https:\/\/irankiuzona.lt\/ru\/wp-json\/wp\/v2\/product_cat?post=264105"},{"taxonomy":"product_tag","embeddable":true,"href":"https:\/\/irankiuzona.lt\/ru\/wp-json\/wp\/v2\/product_tag?post=264105"}],"curies":[{"name":"wp","href":"https:\/\/api.w.org\/{rel}","templated":true}]}}