{"id":264111,"date":"2024-09-29T13:30:35","date_gmt":"2024-09-29T13:30:35","guid":{"rendered":"https:\/\/irankiuzona.lt\/product\/pirstines-medvilnines-aplietos-lateksu-11-dydis\/"},"modified":"2026-04-15T17:51:51","modified_gmt":"2026-04-15T17:51:51","slug":"pirstines-medvilnines-aplietos-lateksu-11-dydis","status":"publish","type":"product","link":"https:\/\/irankiuzona.lt\/ru\/product\/pirstines-medvilnines-aplietos-lateksu-11-dydis\/","title":{"rendered":"Pir\u0161tin\u0117s medvilnin\u0117s aplietos lateksu 11 Dydis"},"content":{"rendered":"<p>med\u017eiaga: poliesterio trikota\u017eas;<br \/>\nvir\u0161utin\u0117 ir rankenos dalis padengta nitrilo danga;<br \/>\natsparumas ply\u0161imui ir prad\u016brimui;<br \/>\npuikus sukibimas ir lyt\u0117jimo jausmas;<br \/>\nsaugus aplinkai, nitrilas yra biologi\u0161kai skaidus.<\/p>","protected":false},"excerpt":{"rendered":"<p>Pir\u0161tin\u0117s medvilnin\u0117s aplietos lateksu 11 Dydis<\/p>","protected":false},"featured_media":264113,"comment_status":"open","ping_status":"open","template":"","meta":[],"product_cat":[9990],"product_tag":[9969],"class_list":{"0":"post-264111","1":"product","2":"type-product","3":"status-publish","4":"has-post-thumbnail","6":"product_brand-hogert-technik-vokietija","7":"product_cat-aplietos-darbo-pirstines","8":"product_tag-hogert-technik-vokietija","10":"first","11":"instock","12":"purchasable","13":"product-type-simple"},"jetpack_sharing_enabled":true,"_links":{"self":[{"href":"https:\/\/irankiuzona.lt\/ru\/wp-json\/wp\/v2\/product\/264111","targetHints":{"allow":["GET"]}}],"collection":[{"href":"https:\/\/irankiuzona.lt\/ru\/wp-json\/wp\/v2\/product"}],"about":[{"href":"https:\/\/irankiuzona.lt\/ru\/wp-json\/wp\/v2\/types\/product"}],"replies":[{"embeddable":true,"href":"https:\/\/irankiuzona.lt\/ru\/wp-json\/wp\/v2\/comments?post=264111"}],"version-history":[{"count":1,"href":"https:\/\/irankiuzona.lt\/ru\/wp-json\/wp\/v2\/product\/264111\/revisions"}],"predecessor-version":[{"id":423148,"href":"https:\/\/irankiuzona.lt\/ru\/wp-json\/wp\/v2\/product\/264111\/revisions\/423148"}],"wp:featuredmedia":[{"embeddable":true,"href":"https:\/\/irankiuzona.lt\/ru\/wp-json\/wp\/v2\/media\/264113"}],"wp:attachment":[{"href":"https:\/\/irankiuzona.lt\/ru\/wp-json\/wp\/v2\/media?parent=264111"}],"wp:term":[{"taxonomy":"product_cat","embeddable":true,"href":"https:\/\/irankiuzona.lt\/ru\/wp-json\/wp\/v2\/product_cat?post=264111"},{"taxonomy":"product_tag","embeddable":true,"href":"https:\/\/irankiuzona.lt\/ru\/wp-json\/wp\/v2\/product_tag?post=264111"}],"curies":[{"name":"wp","href":"https:\/\/api.w.org\/{rel}","templated":true}]}}