{"id":264170,"date":"2024-09-29T13:30:40","date_gmt":"2024-09-29T13:30:40","guid":{"rendered":"https:\/\/irankiuzona.lt\/product\/greito-fiksavimo-verzle-su-dantukais-m14-kampiniam-slifuokliui\/"},"modified":"2026-04-11T22:49:36","modified_gmt":"2026-04-11T22:49:36","slug":"greito-fiksavimo-verzle-su-dantukais-m14-kampiniam-slifuokliui","status":"publish","type":"product","link":"https:\/\/irankiuzona.lt\/ru\/product\/greito-fiksavimo-verzle-su-dantukais-m14-kampiniam-slifuokliui\/","title":{"rendered":"Greito fiksavimo ver\u017el\u0117 su dantukais M14 kampiniam \u0161lifuokliui"},"content":{"rendered":"<p>Sriegis M14 x 2.0, tinka prakti\u0161kai visiems gamintojams<\/p>","protected":false},"excerpt":{"rendered":"<p>Kampinio \u0161lifuoklio diskelio greito fiksavimo ver\u017el\u0117 M14 sriegiu su dantukais<\/p>","protected":false},"featured_media":264172,"comment_status":"open","ping_status":"open","template":"","meta":[],"product_cat":[9648],"product_tag":[9435],"class_list":{"0":"post-264170","1":"product","2":"type-product","3":"status-publish","4":"has-post-thumbnail","6":"product_brand-kinija","7":"product_cat-kampiniai-slifuokliai","8":"product_tag-kinija","10":"first","11":"instock","12":"purchasable","13":"product-type-simple"},"jetpack_sharing_enabled":true,"_links":{"self":[{"href":"https:\/\/irankiuzona.lt\/ru\/wp-json\/wp\/v2\/product\/264170","targetHints":{"allow":["GET"]}}],"collection":[{"href":"https:\/\/irankiuzona.lt\/ru\/wp-json\/wp\/v2\/product"}],"about":[{"href":"https:\/\/irankiuzona.lt\/ru\/wp-json\/wp\/v2\/types\/product"}],"replies":[{"embeddable":true,"href":"https:\/\/irankiuzona.lt\/ru\/wp-json\/wp\/v2\/comments?post=264170"}],"version-history":[{"count":1,"href":"https:\/\/irankiuzona.lt\/ru\/wp-json\/wp\/v2\/product\/264170\/revisions"}],"predecessor-version":[{"id":423167,"href":"https:\/\/irankiuzona.lt\/ru\/wp-json\/wp\/v2\/product\/264170\/revisions\/423167"}],"wp:featuredmedia":[{"embeddable":true,"href":"https:\/\/irankiuzona.lt\/ru\/wp-json\/wp\/v2\/media\/264172"}],"wp:attachment":[{"href":"https:\/\/irankiuzona.lt\/ru\/wp-json\/wp\/v2\/media?parent=264170"}],"wp:term":[{"taxonomy":"product_cat","embeddable":true,"href":"https:\/\/irankiuzona.lt\/ru\/wp-json\/wp\/v2\/product_cat?post=264170"},{"taxonomy":"product_tag","embeddable":true,"href":"https:\/\/irankiuzona.lt\/ru\/wp-json\/wp\/v2\/product_tag?post=264170"}],"curies":[{"name":"wp","href":"https:\/\/api.w.org\/{rel}","templated":true}]}}