{"id":264173,"date":"2024-09-29T13:30:40","date_gmt":"2024-09-29T13:30:40","guid":{"rendered":"https:\/\/irankiuzona.lt\/product\/smugine-galvute-ilga-1-2-tesla-ratu-varztams-7-8\/"},"modified":"2026-04-12T04:28:49","modified_gmt":"2026-04-12T04:28:49","slug":"smugine-galvute-ilga-1-2-tesla-ratu-varztams-7-8","status":"publish","type":"product","link":"https:\/\/irankiuzona.lt\/ru\/product\/smugine-galvute-ilga-1-2-tesla-ratu-varztams-7-8\/","title":{"rendered":"Sm\u016bgin\u0117 galvut\u0117 ilga 1\/2 TESLA rat\u0173 var\u017etams 7\/8&quot;"},"content":{"rendered":"<p>85mm ilgioLizdas 1\/2 (12,5mm)Galvos dydis 7\/8&quot;<\/p>","protected":false},"excerpt":{"rendered":"<p>Sm\u016bgin\u0117 galvut\u0117 ilga 1\/2 TESLA rat\u0173 var\u017etams 7\/8&quot; su plastikine apsauga<\/p>","protected":false},"featured_media":264175,"comment_status":"open","ping_status":"open","template":"","meta":[],"product_cat":[9492],"product_tag":[9845],"class_list":{"0":"post-264173","1":"product","2":"type-product","3":"status-publish","4":"has-post-thumbnail","6":"product_brand-vokietija-germany","7":"product_cat-ratu-varztams-galvutes-raktai-sepeciai","8":"product_tag-vokietija-germany","10":"first","11":"instock","12":"purchasable","13":"product-type-simple"},"jetpack_sharing_enabled":true,"_links":{"self":[{"href":"https:\/\/irankiuzona.lt\/ru\/wp-json\/wp\/v2\/product\/264173","targetHints":{"allow":["GET"]}}],"collection":[{"href":"https:\/\/irankiuzona.lt\/ru\/wp-json\/wp\/v2\/product"}],"about":[{"href":"https:\/\/irankiuzona.lt\/ru\/wp-json\/wp\/v2\/types\/product"}],"replies":[{"embeddable":true,"href":"https:\/\/irankiuzona.lt\/ru\/wp-json\/wp\/v2\/comments?post=264173"}],"version-history":[{"count":1,"href":"https:\/\/irankiuzona.lt\/ru\/wp-json\/wp\/v2\/product\/264173\/revisions"}],"predecessor-version":[{"id":423168,"href":"https:\/\/irankiuzona.lt\/ru\/wp-json\/wp\/v2\/product\/264173\/revisions\/423168"}],"wp:featuredmedia":[{"embeddable":true,"href":"https:\/\/irankiuzona.lt\/ru\/wp-json\/wp\/v2\/media\/264175"}],"wp:attachment":[{"href":"https:\/\/irankiuzona.lt\/ru\/wp-json\/wp\/v2\/media?parent=264173"}],"wp:term":[{"taxonomy":"product_cat","embeddable":true,"href":"https:\/\/irankiuzona.lt\/ru\/wp-json\/wp\/v2\/product_cat?post=264173"},{"taxonomy":"product_tag","embeddable":true,"href":"https:\/\/irankiuzona.lt\/ru\/wp-json\/wp\/v2\/product_tag?post=264173"}],"curies":[{"name":"wp","href":"https:\/\/api.w.org\/{rel}","templated":true}]}}