{"id":264212,"date":"2024-09-29T13:30:44","date_gmt":"2024-09-29T13:30:44","guid":{"rendered":"https:\/\/irankiuzona.lt\/product\/hermetikas-skaidrus-85g\/"},"modified":"2026-05-14T14:00:44","modified_gmt":"2026-05-14T14:00:44","slug":"hermetikas-skaidrus-85g","status":"publish","type":"product","link":"https:\/\/irankiuzona.lt\/ru\/product\/hermetikas-skaidrus-85g\/","title":{"rendered":"Hermetikas skaidrus 85g"},"content":{"rendered":"<p>Gasket Maker Transparent yra auk\u0161tos kokyb\u0117s vienkomponentis sandariklis, kiet\u0117jantis kambario temperat\u016broje. Pasi\u017eymi puikiomis lipnumo ir suri\u0161imo savyb\u0117mis. Tinka klijuoti ir sandarinti transporto priemoni\u0173 priekinius stiklus, priekinius \u017eibintus, indikatorius, stabd\u017ei\u0173 \u017eibintus ir kt. pakei\u010dia guminius, popierinius ir kam\u0161tinius sandariklius. Atsparus tepalams, au\u0161inimo skys\u010diams, vandeniui ir saulei. Jis naudojamas darbui su stiklu, plastiku, keramika ir aliuminiu. J\u012f lengva tepti ir jis i\u0161lieka lankstus. U\u017etepus ant neteplaus pavir\u0161iaus, jis i\u0161lyginamas su muiluotu vandeniu. Po 24 valand\u0173 jungtis gali b\u016bti veikiama apkrovos.<br \/>\n\u0160io gaminio veikimo temperat\u016bra yra nuo -40 \u00b0C iki +180 \u00b0C (trumpalaik\u0117).Sandarikl\u012f laikykite v\u0117sioje ir sausoje vietoje sandariai u\u017edarytoje originalioje pakuot\u0117je.Jis i\u0161laiko savo stiprum\u0105 ma\u017eiausiai dvejus metus nuo pagaminimo datos.\u00a0<\/p>","protected":false},"excerpt":{"rendered":"<p>Skaidrus hermetikas &#8211;\u00a0vienkomponentis sandariklis &#8211; 85g<\/p>","protected":false},"featured_media":264214,"comment_status":"open","ping_status":"open","template":"","meta":[],"product_cat":[9824],"product_tag":[],"class_list":{"0":"post-264212","1":"product","2":"type-product","3":"status-publish","4":"has-post-thumbnail","6":"product_cat-autochemija","8":"first","9":"instock","10":"purchasable","11":"product-type-simple"},"jetpack_sharing_enabled":true,"_links":{"self":[{"href":"https:\/\/irankiuzona.lt\/ru\/wp-json\/wp\/v2\/product\/264212","targetHints":{"allow":["GET"]}}],"collection":[{"href":"https:\/\/irankiuzona.lt\/ru\/wp-json\/wp\/v2\/product"}],"about":[{"href":"https:\/\/irankiuzona.lt\/ru\/wp-json\/wp\/v2\/types\/product"}],"replies":[{"embeddable":true,"href":"https:\/\/irankiuzona.lt\/ru\/wp-json\/wp\/v2\/comments?post=264212"}],"version-history":[{"count":1,"href":"https:\/\/irankiuzona.lt\/ru\/wp-json\/wp\/v2\/product\/264212\/revisions"}],"predecessor-version":[{"id":423179,"href":"https:\/\/irankiuzona.lt\/ru\/wp-json\/wp\/v2\/product\/264212\/revisions\/423179"}],"wp:featuredmedia":[{"embeddable":true,"href":"https:\/\/irankiuzona.lt\/ru\/wp-json\/wp\/v2\/media\/264214"}],"wp:attachment":[{"href":"https:\/\/irankiuzona.lt\/ru\/wp-json\/wp\/v2\/media?parent=264212"}],"wp:term":[{"taxonomy":"product_cat","embeddable":true,"href":"https:\/\/irankiuzona.lt\/ru\/wp-json\/wp\/v2\/product_cat?post=264212"},{"taxonomy":"product_tag","embeddable":true,"href":"https:\/\/irankiuzona.lt\/ru\/wp-json\/wp\/v2\/product_tag?post=264212"}],"curies":[{"name":"wp","href":"https:\/\/api.w.org\/{rel}","templated":true}]}}