{"id":264230,"date":"2024-09-29T13:30:46","date_gmt":"2024-09-29T13:30:46","guid":{"rendered":"https:\/\/irankiuzona.lt\/product\/terksliniu-raktu-komplektas-su-dvigubu-sarnyru-5daliu-8-19mm\/"},"modified":"2026-05-14T20:40:42","modified_gmt":"2026-05-14T20:40:42","slug":"terksliniu-raktu-komplektas-su-dvigubu-sarnyru-5daliu-8-19mm","status":"publish","type":"product","link":"https:\/\/irankiuzona.lt\/ru\/product\/terksliniu-raktu-komplektas-su-dvigubu-sarnyru-5daliu-8-19mm\/","title":{"rendered":"Terk\u0161lini\u0173 rakt\u0173 komplektas su dvigubu \u0161arnyru 5dali\u0173 (8-19mm)"},"content":{"rendered":"<p>72 dantuk\u0173 terk\u0161linis mechanizmasKomplekte:8mm terk\u0161linis raktas 162mm ilgio10mm terk\u0161linis raktas 179mm ilgio13mm terk\u0161linis raktas 223mm ilgio17mm terk\u0161linis raktas 261,5mm ilgio19mm terk\u0161linis raktas 284mm ilgio<\/p>","protected":false},"excerpt":{"rendered":"<p>Terk\u0161lini\u0173 vartom\u0173 rakt\u0173 komplektas su dvigubu lenkimo \u0161arnyru. 5 dali\u0173 komplektas 8-19mm<\/p>","protected":false},"featured_media":264232,"comment_status":"open","ping_status":"open","template":"","meta":[],"product_cat":[9610],"product_tag":[9845],"class_list":{"0":"post-264230","1":"product","2":"type-product","3":"status-publish","4":"has-post-thumbnail","6":"product_brand-vokietija-germany","7":"product_cat-terksliniu-raktu-komplektai","8":"product_tag-vokietija-germany","10":"first","11":"instock","12":"purchasable","13":"product-type-simple"},"jetpack_sharing_enabled":true,"_links":{"self":[{"href":"https:\/\/irankiuzona.lt\/ru\/wp-json\/wp\/v2\/product\/264230","targetHints":{"allow":["GET"]}}],"collection":[{"href":"https:\/\/irankiuzona.lt\/ru\/wp-json\/wp\/v2\/product"}],"about":[{"href":"https:\/\/irankiuzona.lt\/ru\/wp-json\/wp\/v2\/types\/product"}],"replies":[{"embeddable":true,"href":"https:\/\/irankiuzona.lt\/ru\/wp-json\/wp\/v2\/comments?post=264230"}],"version-history":[{"count":1,"href":"https:\/\/irankiuzona.lt\/ru\/wp-json\/wp\/v2\/product\/264230\/revisions"}],"predecessor-version":[{"id":423185,"href":"https:\/\/irankiuzona.lt\/ru\/wp-json\/wp\/v2\/product\/264230\/revisions\/423185"}],"wp:featuredmedia":[{"embeddable":true,"href":"https:\/\/irankiuzona.lt\/ru\/wp-json\/wp\/v2\/media\/264232"}],"wp:attachment":[{"href":"https:\/\/irankiuzona.lt\/ru\/wp-json\/wp\/v2\/media?parent=264230"}],"wp:term":[{"taxonomy":"product_cat","embeddable":true,"href":"https:\/\/irankiuzona.lt\/ru\/wp-json\/wp\/v2\/product_cat?post=264230"},{"taxonomy":"product_tag","embeddable":true,"href":"https:\/\/irankiuzona.lt\/ru\/wp-json\/wp\/v2\/product_tag?post=264230"}],"curies":[{"name":"wp","href":"https:\/\/api.w.org\/{rel}","templated":true}]}}