{"id":264323,"date":"2024-09-29T13:30:56","date_gmt":"2024-09-29T13:30:56","guid":{"rendered":"https:\/\/irankiuzona.lt\/product\/atrama-reguliuojamo-aukscio-60-115cm-teleskopine-atrama-hogert-ht3b680\/"},"modified":"2026-04-12T14:31:50","modified_gmt":"2026-04-12T14:31:50","slug":"atrama-reguliuojamo-aukscio-60-115cm-teleskopine-atrama-hogert-ht3b680","status":"publish","type":"product","link":"https:\/\/irankiuzona.lt\/ru\/product\/atrama-reguliuojamo-aukscio-60-115cm-teleskopine-atrama-hogert-ht3b680\/","title":{"rendered":"Atrama reguliuojamo auk\u0161\u010dio 60-115cm \/ teleskopin\u0117 atrama, HOGERT HT3B680"},"content":{"rendered":"<p>Reguliuojamas auk\u0161tis 60cm &#8211; 115cmMaks. svoris iki 30kgGumin\u0117s, neslid\u017eios kojel\u0117s, apsaugan\u010dios med\u017eiag\u0105 nuo pa\u017eeidim\u0173 ir u\u017etikrinan\u010dios stabilum\u0105;Specialus u\u017eraktas u\u017etikrina saugum\u0105\u00a0naudojimo metu.<\/p>","protected":false},"excerpt":{"rendered":"<p>Teleskopin\u0117 atrama, reguliuojamo auk\u0161\u010dio atramin\u0117 koja, reguliuojamo auk\u0161\u010dio laikiklis statyboms ir ne tik. K\u0117limo auk\u0161tis 60-115cm<\/p>","protected":false},"featured_media":264325,"comment_status":"open","ping_status":"open","template":"","meta":[],"product_cat":[10088],"product_tag":[9969],"class_list":{"0":"post-264323","1":"product","2":"type-product","3":"status-publish","4":"has-post-thumbnail","6":"product_brand-hogert-technik-vokietija","7":"product_cat-reguliuojamos-atramos-kojokai","8":"product_tag-hogert-technik-vokietija","10":"first","11":"instock","12":"purchasable","13":"product-type-simple"},"jetpack_sharing_enabled":true,"_links":{"self":[{"href":"https:\/\/irankiuzona.lt\/ru\/wp-json\/wp\/v2\/product\/264323","targetHints":{"allow":["GET"]}}],"collection":[{"href":"https:\/\/irankiuzona.lt\/ru\/wp-json\/wp\/v2\/product"}],"about":[{"href":"https:\/\/irankiuzona.lt\/ru\/wp-json\/wp\/v2\/types\/product"}],"replies":[{"embeddable":true,"href":"https:\/\/irankiuzona.lt\/ru\/wp-json\/wp\/v2\/comments?post=264323"}],"version-history":[{"count":1,"href":"https:\/\/irankiuzona.lt\/ru\/wp-json\/wp\/v2\/product\/264323\/revisions"}],"predecessor-version":[{"id":423220,"href":"https:\/\/irankiuzona.lt\/ru\/wp-json\/wp\/v2\/product\/264323\/revisions\/423220"}],"wp:featuredmedia":[{"embeddable":true,"href":"https:\/\/irankiuzona.lt\/ru\/wp-json\/wp\/v2\/media\/264325"}],"wp:attachment":[{"href":"https:\/\/irankiuzona.lt\/ru\/wp-json\/wp\/v2\/media?parent=264323"}],"wp:term":[{"taxonomy":"product_cat","embeddable":true,"href":"https:\/\/irankiuzona.lt\/ru\/wp-json\/wp\/v2\/product_cat?post=264323"},{"taxonomy":"product_tag","embeddable":true,"href":"https:\/\/irankiuzona.lt\/ru\/wp-json\/wp\/v2\/product_tag?post=264323"}],"curies":[{"name":"wp","href":"https:\/\/api.w.org\/{rel}","templated":true}]}}