{"id":264332,"date":"2024-09-29T13:30:57","date_gmt":"2024-09-29T13:30:57","guid":{"rendered":"https:\/\/irankiuzona.lt\/product\/grandiklis-40mm-6-plastikiniai-peiliukai\/"},"modified":"2026-04-14T18:43:00","modified_gmt":"2026-04-14T18:43:00","slug":"grandiklis-40mm-6-plastikiniai-peiliukai","status":"publish","type":"product","link":"https:\/\/irankiuzona.lt\/ru\/product\/grandiklis-40mm-6-plastikiniai-peiliukai\/","title":{"rendered":"Grandiklis 40mm + 6 plastikiniai peiliukai"},"content":{"rendered":"<p>Ilgis 140mmPeiliukas plastikinis (POM): 39,4 x 19,35 x 0,25 mmGalite \u012fsigyti papildom\u0173 gele\u017e\u010di\u0173 &#8211;\u00a0B70912-1<\/p>","protected":false},"excerpt":{"rendered":"<p>Lipduk\u0173 gramdiklis 40mm plo\u010dio + 6\u00a0plastiko\u00a0atsarginiai peiliukai<\/p>","protected":false},"featured_media":264334,"comment_status":"open","ping_status":"open","template":"","meta":[],"product_cat":[9736],"product_tag":[9845],"class_list":{"0":"post-264332","1":"product","2":"type-product","3":"status-publish","4":"has-post-thumbnail","6":"product_brand-vokietija-germany","7":"product_cat-peiliukai-tapetams-geleztes-peiliai","8":"product_tag-vokietija-germany","10":"first","11":"outofstock","12":"purchasable","13":"product-type-simple"},"jetpack_sharing_enabled":true,"_links":{"self":[{"href":"https:\/\/irankiuzona.lt\/ru\/wp-json\/wp\/v2\/product\/264332","targetHints":{"allow":["GET"]}}],"collection":[{"href":"https:\/\/irankiuzona.lt\/ru\/wp-json\/wp\/v2\/product"}],"about":[{"href":"https:\/\/irankiuzona.lt\/ru\/wp-json\/wp\/v2\/types\/product"}],"replies":[{"embeddable":true,"href":"https:\/\/irankiuzona.lt\/ru\/wp-json\/wp\/v2\/comments?post=264332"}],"version-history":[{"count":1,"href":"https:\/\/irankiuzona.lt\/ru\/wp-json\/wp\/v2\/product\/264332\/revisions"}],"predecessor-version":[{"id":423223,"href":"https:\/\/irankiuzona.lt\/ru\/wp-json\/wp\/v2\/product\/264332\/revisions\/423223"}],"wp:featuredmedia":[{"embeddable":true,"href":"https:\/\/irankiuzona.lt\/ru\/wp-json\/wp\/v2\/media\/264334"}],"wp:attachment":[{"href":"https:\/\/irankiuzona.lt\/ru\/wp-json\/wp\/v2\/media?parent=264332"}],"wp:term":[{"taxonomy":"product_cat","embeddable":true,"href":"https:\/\/irankiuzona.lt\/ru\/wp-json\/wp\/v2\/product_cat?post=264332"},{"taxonomy":"product_tag","embeddable":true,"href":"https:\/\/irankiuzona.lt\/ru\/wp-json\/wp\/v2\/product_tag?post=264332"}],"curies":[{"name":"wp","href":"https:\/\/api.w.org\/{rel}","templated":true}]}}