{"id":264368,"date":"2024-09-29T13:31:00","date_gmt":"2024-09-29T13:31:00","guid":{"rendered":"https:\/\/irankiuzona.lt\/product\/darbines-sportines-kelnes-su-kisenemis-l-dydis\/"},"modified":"2026-04-16T09:54:01","modified_gmt":"2026-04-16T09:54:01","slug":"darbines-sportines-kelnes-su-kisenemis-l-dydis","status":"publish","type":"product","link":"https:\/\/irankiuzona.lt\/ru\/product\/darbines-sportines-kelnes-su-kisenemis-l-dydis\/","title":{"rendered":"Darbin\u0117s sportin\u0117s keln\u0117s su ki\u0161en\u0117mis,  L dydis"},"content":{"rendered":"<p>labai elastinga med\u017eiaga, u\u017etikrinanti jud\u0117jimo laisv\u0119;<br \/>\ntvirto pynimo darbo keln\u0117s;<br \/>\nmed\u017eiagos svoris 320 g\/m\u00b2;<br \/>\nmed\u017eiaga: megztas 65% medviln\u0117, 35% poliesteris;<br \/>\npriekin\u0117s kojos sutvirtinimas OXFORD 600D med\u017eiaga;<br \/>\n\u0161vies\u0105 atspindintys elementai;<br \/>\n2x nuimama ki\u0161en\u0117 OXFORD 600D \u012frankiams;<br \/>\n2x vir\u0161utin\u0117s ki\u0161en\u0117s;<br \/>\n1x u\u017etrauktuku u\u017esegama u\u017epakalin\u0117 ki\u0161en\u0117.<\/p>","protected":false},"excerpt":{"rendered":"<p>Darbin\u0117s sportin\u0117s keln\u0117s su ki\u0161en\u0117mis,\u00a0 L dydis<\/p>","protected":false},"featured_media":264370,"comment_status":"open","ping_status":"open","template":"","meta":[],"product_cat":[9992],"product_tag":[9969],"class_list":{"0":"post-264368","1":"product","2":"type-product","3":"status-publish","4":"has-post-thumbnail","6":"product_brand-hogert-technik-vokietija","7":"product_cat-darbines-kelnes","8":"product_tag-hogert-technik-vokietija","10":"first","11":"instock","12":"purchasable","13":"product-type-simple"},"jetpack_sharing_enabled":true,"_links":{"self":[{"href":"https:\/\/irankiuzona.lt\/ru\/wp-json\/wp\/v2\/product\/264368","targetHints":{"allow":["GET"]}}],"collection":[{"href":"https:\/\/irankiuzona.lt\/ru\/wp-json\/wp\/v2\/product"}],"about":[{"href":"https:\/\/irankiuzona.lt\/ru\/wp-json\/wp\/v2\/types\/product"}],"replies":[{"embeddable":true,"href":"https:\/\/irankiuzona.lt\/ru\/wp-json\/wp\/v2\/comments?post=264368"}],"version-history":[{"count":1,"href":"https:\/\/irankiuzona.lt\/ru\/wp-json\/wp\/v2\/product\/264368\/revisions"}],"predecessor-version":[{"id":423234,"href":"https:\/\/irankiuzona.lt\/ru\/wp-json\/wp\/v2\/product\/264368\/revisions\/423234"}],"wp:featuredmedia":[{"embeddable":true,"href":"https:\/\/irankiuzona.lt\/ru\/wp-json\/wp\/v2\/media\/264370"}],"wp:attachment":[{"href":"https:\/\/irankiuzona.lt\/ru\/wp-json\/wp\/v2\/media?parent=264368"}],"wp:term":[{"taxonomy":"product_cat","embeddable":true,"href":"https:\/\/irankiuzona.lt\/ru\/wp-json\/wp\/v2\/product_cat?post=264368"},{"taxonomy":"product_tag","embeddable":true,"href":"https:\/\/irankiuzona.lt\/ru\/wp-json\/wp\/v2\/product_tag?post=264368"}],"curies":[{"name":"wp","href":"https:\/\/api.w.org\/{rel}","templated":true}]}}