{"id":264371,"date":"2024-09-29T13:31:01","date_gmt":"2024-09-29T13:31:01","guid":{"rendered":"https:\/\/irankiuzona.lt\/product\/briaunu-nuemejas-3-19-mm\/"},"modified":"2026-04-16T08:26:07","modified_gmt":"2026-04-16T08:26:07","slug":"briaunu-nuemejas-3-19-mm","status":"publish","type":"product","link":"https:\/\/irankiuzona.lt\/ru\/product\/briaunu-nuemejas-3-19-mm\/","title":{"rendered":"Briaun\u0173 nu\u0117m\u0117jas 3-19 mm"},"content":{"rendered":"<p>darbo diapazonas: 3-19 mm;<br \/>\nDydis: 1\/4\u2033 HEX;<br \/>\nvidiniai trys plieniniai 1,8 mm plo\u010dio pjovimo peiliai pagaminti i\u0161 volframo karbido TCT;<br \/>\nskirtas var\u017et\u0173 ar stryp\u0173 srieginiams galams apvalinti.<\/p>","protected":false},"excerpt":{"rendered":"<p>Briaun\u0173 nu\u0117m\u0117jas 3-19 mm<\/p>","protected":false},"featured_media":264373,"comment_status":"open","ping_status":"open","template":"","meta":[],"product_cat":[9753],"product_tag":[9969],"class_list":{"0":"post-264371","1":"product","2":"type-product","3":"status-publish","4":"has-post-thumbnail","6":"product_brand-hogert-technik-vokietija","7":"product_cat-irankiai-vamzdeliams","8":"product_tag-hogert-technik-vokietija","10":"first","11":"instock","12":"purchasable","13":"product-type-simple"},"jetpack_sharing_enabled":true,"_links":{"self":[{"href":"https:\/\/irankiuzona.lt\/ru\/wp-json\/wp\/v2\/product\/264371","targetHints":{"allow":["GET"]}}],"collection":[{"href":"https:\/\/irankiuzona.lt\/ru\/wp-json\/wp\/v2\/product"}],"about":[{"href":"https:\/\/irankiuzona.lt\/ru\/wp-json\/wp\/v2\/types\/product"}],"replies":[{"embeddable":true,"href":"https:\/\/irankiuzona.lt\/ru\/wp-json\/wp\/v2\/comments?post=264371"}],"version-history":[{"count":1,"href":"https:\/\/irankiuzona.lt\/ru\/wp-json\/wp\/v2\/product\/264371\/revisions"}],"predecessor-version":[{"id":423235,"href":"https:\/\/irankiuzona.lt\/ru\/wp-json\/wp\/v2\/product\/264371\/revisions\/423235"}],"wp:featuredmedia":[{"embeddable":true,"href":"https:\/\/irankiuzona.lt\/ru\/wp-json\/wp\/v2\/media\/264373"}],"wp:attachment":[{"href":"https:\/\/irankiuzona.lt\/ru\/wp-json\/wp\/v2\/media?parent=264371"}],"wp:term":[{"taxonomy":"product_cat","embeddable":true,"href":"https:\/\/irankiuzona.lt\/ru\/wp-json\/wp\/v2\/product_cat?post=264371"},{"taxonomy":"product_tag","embeddable":true,"href":"https:\/\/irankiuzona.lt\/ru\/wp-json\/wp\/v2\/product_tag?post=264371"}],"curies":[{"name":"wp","href":"https:\/\/api.w.org\/{rel}","templated":true}]}}