{"id":264374,"date":"2024-09-29T13:31:01","date_gmt":"2024-09-29T13:31:01","guid":{"rendered":"https:\/\/irankiuzona.lt\/product\/apsauginiai-akiniai-tamsinti\/"},"modified":"2026-04-16T04:29:35","modified_gmt":"2026-04-16T04:29:35","slug":"apsauginiai-akiniai-tamsinti","status":"publish","type":"product","link":"https:\/\/irankiuzona.lt\/ru\/product\/apsauginiai-akiniai-tamsinti\/","title":{"rendered":"Apsauginiai akiniai, tamsinti"},"content":{"rendered":"<p>med\u017eiaga: polikarbonatas \u2013 l\u0119\u0161is \/ nailonas \u2013 r\u0117mas \/ polivinilchloridas \u2013 tiltelis<br \/>\noptin\u0117 klas\u0117: 1 (+ 0,06 dioptrijos \u2013 skirta nuolatiniam d\u0117v\u0117jimui)<br \/>\nfiltro tipas: 5 \u2013 saul\u0117s akinimo filtras<br \/>\nmechaninis atsparumas: F (ma\u017ea sm\u016bgio energija 45 m\/s)<br \/>\nl\u0119\u0161io spalva (u\u017etemimo laipsnis) 5-3.1<br \/>\nTaikymas: 5 (smulkios dulki\u0173 dalel\u0117s ir dujos 5 um)<br \/>\nstandartai: EN 166:2001, EN 170, EN 172<br \/>\natsparus \u012fbr\u0117\u017eimams<br \/>\nreguliuojamos sankasos (nuo 5 iki 15 mm), kurios prisitaiko prie veido profili\u0173<br \/>\ni\u0161ilgin\u0117s \u0161ventyklos<br \/>\nmink\u0161tas PVC tiltas<br \/>\nakiniai be r\u0117meli\u0173<br \/>\nlengvas ir patvarus dizainas<br \/>\nmadingas dizainas.<\/p>","protected":false},"excerpt":{"rendered":"<p>Apsauginiai akiniai, tamsinti<\/p>","protected":false},"featured_media":264376,"comment_status":"open","ping_status":"open","template":"","meta":[],"product_cat":[9848],"product_tag":[9969],"class_list":{"0":"post-264374","1":"product","2":"type-product","3":"status-publish","4":"has-post-thumbnail","6":"product_brand-hogert-technik-vokietija","7":"product_cat-apsauginiai-akiniai","8":"product_tag-hogert-technik-vokietija","10":"first","11":"instock","12":"purchasable","13":"product-type-simple"},"jetpack_sharing_enabled":true,"_links":{"self":[{"href":"https:\/\/irankiuzona.lt\/ru\/wp-json\/wp\/v2\/product\/264374","targetHints":{"allow":["GET"]}}],"collection":[{"href":"https:\/\/irankiuzona.lt\/ru\/wp-json\/wp\/v2\/product"}],"about":[{"href":"https:\/\/irankiuzona.lt\/ru\/wp-json\/wp\/v2\/types\/product"}],"replies":[{"embeddable":true,"href":"https:\/\/irankiuzona.lt\/ru\/wp-json\/wp\/v2\/comments?post=264374"}],"version-history":[{"count":1,"href":"https:\/\/irankiuzona.lt\/ru\/wp-json\/wp\/v2\/product\/264374\/revisions"}],"predecessor-version":[{"id":423236,"href":"https:\/\/irankiuzona.lt\/ru\/wp-json\/wp\/v2\/product\/264374\/revisions\/423236"}],"wp:featuredmedia":[{"embeddable":true,"href":"https:\/\/irankiuzona.lt\/ru\/wp-json\/wp\/v2\/media\/264376"}],"wp:attachment":[{"href":"https:\/\/irankiuzona.lt\/ru\/wp-json\/wp\/v2\/media?parent=264374"}],"wp:term":[{"taxonomy":"product_cat","embeddable":true,"href":"https:\/\/irankiuzona.lt\/ru\/wp-json\/wp\/v2\/product_cat?post=264374"},{"taxonomy":"product_tag","embeddable":true,"href":"https:\/\/irankiuzona.lt\/ru\/wp-json\/wp\/v2\/product_tag?post=264374"}],"curies":[{"name":"wp","href":"https:\/\/api.w.org\/{rel}","templated":true}]}}