{"id":264377,"date":"2024-09-29T13:31:01","date_gmt":"2024-09-29T13:31:01","guid":{"rendered":"https:\/\/irankiuzona.lt\/product\/nister-megztinis-l-dydis\/"},"modified":"2026-04-16T02:49:23","modified_gmt":"2026-04-16T02:49:23","slug":"nister-megztinis-l-dydis","status":"publish","type":"product","link":"https:\/\/irankiuzona.lt\/ru\/product\/nister-megztinis-l-dydis\/","title":{"rendered":"NISTER megztinis, L dydis"},"content":{"rendered":"<p>labai elastinga med\u017eiaga, u\u017etikrinanti jud\u0117jimo laisv\u0119;<br \/>\nmed\u017eiagos svoris 200 g\/m\u00b2;<br \/>\nmed\u017eiaga: trikota\u017eas 100% poliesteris;<br \/>\nki\u0161en\u0117 i\u0161 poliamido\/elastano audinio;<br \/>\n1x kr\u016btin\u0117s ki\u0161en\u0117 su u\u017etrauktuku;<br \/>\n2x apatin\u0117s ki\u0161en\u0117s su u\u017etrauktuku;<br \/>\napr\u016bpintas atspindin\u010diu elementu.<\/p>","protected":false},"excerpt":{"rendered":"<p>NISTER megztinis, L dydis<\/p>","protected":false},"featured_media":264379,"comment_status":"open","ping_status":"open","template":"","meta":[],"product_cat":[10007],"product_tag":[9969],"class_list":{"0":"post-264377","1":"product","2":"type-product","3":"status-publish","4":"has-post-thumbnail","6":"product_brand-hogert-technik-vokietija","7":"product_cat-darbiniai-svarkai","8":"product_tag-hogert-technik-vokietija","10":"first","11":"instock","12":"purchasable","13":"product-type-simple"},"jetpack_sharing_enabled":true,"_links":{"self":[{"href":"https:\/\/irankiuzona.lt\/ru\/wp-json\/wp\/v2\/product\/264377","targetHints":{"allow":["GET"]}}],"collection":[{"href":"https:\/\/irankiuzona.lt\/ru\/wp-json\/wp\/v2\/product"}],"about":[{"href":"https:\/\/irankiuzona.lt\/ru\/wp-json\/wp\/v2\/types\/product"}],"replies":[{"embeddable":true,"href":"https:\/\/irankiuzona.lt\/ru\/wp-json\/wp\/v2\/comments?post=264377"}],"version-history":[{"count":1,"href":"https:\/\/irankiuzona.lt\/ru\/wp-json\/wp\/v2\/product\/264377\/revisions"}],"predecessor-version":[{"id":423237,"href":"https:\/\/irankiuzona.lt\/ru\/wp-json\/wp\/v2\/product\/264377\/revisions\/423237"}],"wp:featuredmedia":[{"embeddable":true,"href":"https:\/\/irankiuzona.lt\/ru\/wp-json\/wp\/v2\/media\/264379"}],"wp:attachment":[{"href":"https:\/\/irankiuzona.lt\/ru\/wp-json\/wp\/v2\/media?parent=264377"}],"wp:term":[{"taxonomy":"product_cat","embeddable":true,"href":"https:\/\/irankiuzona.lt\/ru\/wp-json\/wp\/v2\/product_cat?post=264377"},{"taxonomy":"product_tag","embeddable":true,"href":"https:\/\/irankiuzona.lt\/ru\/wp-json\/wp\/v2\/product_tag?post=264377"}],"curies":[{"name":"wp","href":"https:\/\/api.w.org\/{rel}","templated":true}]}}