{"id":264383,"date":"2024-09-29T13:31:02","date_gmt":"2024-09-29T13:31:02","guid":{"rendered":"https:\/\/irankiuzona.lt\/product\/l-formos-torx-komplektas-su-skyle-ilgi-t10-t50\/"},"modified":"2026-04-16T07:11:38","modified_gmt":"2026-04-16T07:11:38","slug":"l-formos-torx-komplektas-su-skyle-ilgi-t10-t50","status":"publish","type":"product","link":"https:\/\/irankiuzona.lt\/ru\/product\/l-formos-torx-komplektas-su-skyle-ilgi-t10-t50\/","title":{"rendered":"L-formos TORX komplektas su skyle, ilgi, T10-T50"},"content":{"rendered":"<p>pagamintas i\u0161 auk\u0161\u010diausios kokyb\u0117s S2 legiruoto plieno, kuris garantuoja maksimal\u0173 tvirtum\u0105;<br \/>\natsparus deformacijai ir sukimui;<br \/>\n\u201eL\u201c forma su viena ilga ir viena trumpa ranka leid\u017eia dirbti sunkiai pasiekiamose vietose;<br \/>\npailgas profilis, naudojant sverto efekt\u0105, leid\u017eia dirbti su padidinta j\u0117ga;<br \/>\nAtitinka DIN 911;<br \/>\nplastikin\u0117je pakuot\u0117je su skyreliais, pa\u017eym\u0117tais matmenimis, patogiam laikymui ir greitam atpa\u017einimui.<\/p>","protected":false},"excerpt":{"rendered":"<p>L-formos TORX su skyle komplektas , ilgi, T10-T50<\/p>","protected":false},"featured_media":264385,"comment_status":"open","ping_status":"open","template":"","meta":[],"product_cat":[9560],"product_tag":[9969],"class_list":{"0":"post-264383","1":"product","2":"type-product","3":"status-publish","4":"has-post-thumbnail","6":"product_brand-hogert-technik-vokietija","7":"product_cat-l-formos-torx-ir-hex-raktu-komplektai","8":"product_tag-hogert-technik-vokietija","10":"first","11":"instock","12":"purchasable","13":"product-type-simple"},"jetpack_sharing_enabled":true,"_links":{"self":[{"href":"https:\/\/irankiuzona.lt\/ru\/wp-json\/wp\/v2\/product\/264383","targetHints":{"allow":["GET"]}}],"collection":[{"href":"https:\/\/irankiuzona.lt\/ru\/wp-json\/wp\/v2\/product"}],"about":[{"href":"https:\/\/irankiuzona.lt\/ru\/wp-json\/wp\/v2\/types\/product"}],"replies":[{"embeddable":true,"href":"https:\/\/irankiuzona.lt\/ru\/wp-json\/wp\/v2\/comments?post=264383"}],"version-history":[{"count":1,"href":"https:\/\/irankiuzona.lt\/ru\/wp-json\/wp\/v2\/product\/264383\/revisions"}],"predecessor-version":[{"id":423239,"href":"https:\/\/irankiuzona.lt\/ru\/wp-json\/wp\/v2\/product\/264383\/revisions\/423239"}],"wp:featuredmedia":[{"embeddable":true,"href":"https:\/\/irankiuzona.lt\/ru\/wp-json\/wp\/v2\/media\/264385"}],"wp:attachment":[{"href":"https:\/\/irankiuzona.lt\/ru\/wp-json\/wp\/v2\/media?parent=264383"}],"wp:term":[{"taxonomy":"product_cat","embeddable":true,"href":"https:\/\/irankiuzona.lt\/ru\/wp-json\/wp\/v2\/product_cat?post=264383"},{"taxonomy":"product_tag","embeddable":true,"href":"https:\/\/irankiuzona.lt\/ru\/wp-json\/wp\/v2\/product_tag?post=264383"}],"curies":[{"name":"wp","href":"https:\/\/api.w.org\/{rel}","templated":true}]}}