{"id":264407,"date":"2024-09-29T14:00:07","date_gmt":"2024-09-29T14:00:07","guid":{"rendered":"https:\/\/irankiuzona.lt\/product\/apsauginiai-akiniai-en-1662001\/"},"modified":"2026-04-13T12:14:00","modified_gmt":"2026-04-13T12:14:00","slug":"apsauginiai-akiniai-en-1662001","status":"publish","type":"product","link":"https:\/\/irankiuzona.lt\/ru\/product\/apsauginiai-akiniai-en-1662001\/","title":{"rendered":"Apsauginiai akiniai EN 166:2001"},"content":{"rendered":"<p>med\u017eiaga: polikarbonatas \u2013 l\u0119\u0161is \/ nailonas \u2013 r\u0117mas<br \/>\noptin\u0117 klas\u0117: 1 (+ 0,06 dioptrijos \u2013 skirta nuolatiniam d\u0117v\u0117jimui)<br \/>\nmechaninis atsparumas: F (ma\u017ea sm\u016bgio energija 45 m\/s)<br \/>\nfiltras UV su teisingu spalv\u0173 atpa\u017einimu \u2013 2C<br \/>\nl\u0119\u0161io spalva (u\u017etemimo laipsnis) 1,2 \u2013 skaidrus<br \/>\nTaikymas: 5 (smulkios dulki\u0173 dalel\u0117s ir dujos 5 um)<br \/>\nstandartai: EN 166:2001<br \/>\natsparus \u012fbr\u0117\u017eimams<br \/>\nreguliuojamos sagos (nuo 5 iki 15 mm)<br \/>\nma\u017eos angos antgaliuose<br \/>\nakiniai be r\u0117meli\u0173<br \/>\nlengvas ir patvarus dizainas.<\/p>","protected":false},"excerpt":{"rendered":"<p>Apsauginiai akiniai EN 166:2001<\/p>","protected":false},"featured_media":264409,"comment_status":"open","ping_status":"open","template":"","meta":[],"product_cat":[9848],"product_tag":[9969],"class_list":{"0":"post-264407","1":"product","2":"type-product","3":"status-publish","4":"has-post-thumbnail","6":"product_brand-hogert-technik-vokietija","7":"product_cat-apsauginiai-akiniai","8":"product_tag-hogert-technik-vokietija","10":"first","11":"instock","12":"purchasable","13":"product-type-simple"},"jetpack_sharing_enabled":true,"_links":{"self":[{"href":"https:\/\/irankiuzona.lt\/ru\/wp-json\/wp\/v2\/product\/264407","targetHints":{"allow":["GET"]}}],"collection":[{"href":"https:\/\/irankiuzona.lt\/ru\/wp-json\/wp\/v2\/product"}],"about":[{"href":"https:\/\/irankiuzona.lt\/ru\/wp-json\/wp\/v2\/types\/product"}],"replies":[{"embeddable":true,"href":"https:\/\/irankiuzona.lt\/ru\/wp-json\/wp\/v2\/comments?post=264407"}],"version-history":[{"count":1,"href":"https:\/\/irankiuzona.lt\/ru\/wp-json\/wp\/v2\/product\/264407\/revisions"}],"predecessor-version":[{"id":423248,"href":"https:\/\/irankiuzona.lt\/ru\/wp-json\/wp\/v2\/product\/264407\/revisions\/423248"}],"wp:featuredmedia":[{"embeddable":true,"href":"https:\/\/irankiuzona.lt\/ru\/wp-json\/wp\/v2\/media\/264409"}],"wp:attachment":[{"href":"https:\/\/irankiuzona.lt\/ru\/wp-json\/wp\/v2\/media?parent=264407"}],"wp:term":[{"taxonomy":"product_cat","embeddable":true,"href":"https:\/\/irankiuzona.lt\/ru\/wp-json\/wp\/v2\/product_cat?post=264407"},{"taxonomy":"product_tag","embeddable":true,"href":"https:\/\/irankiuzona.lt\/ru\/wp-json\/wp\/v2\/product_tag?post=264407"}],"curies":[{"name":"wp","href":"https:\/\/api.w.org\/{rel}","templated":true}]}}