{"id":264428,"date":"2024-09-29T14:00:09","date_gmt":"2024-09-29T14:00:09","guid":{"rendered":"https:\/\/irankiuzona.lt\/product\/trapecines-geleztes-sk2-19mm\/"},"modified":"2026-05-10T06:23:23","modified_gmt":"2026-05-10T06:23:23","slug":"trapecines-geleztes-sk2-19mm","status":"publish","type":"product","link":"https:\/\/irankiuzona.lt\/ru\/product\/trapecines-geleztes-sk2-19mm\/","title":{"rendered":"Trapecin\u0117s gele\u017et\u0117s SK2, 19mm"},"content":{"rendered":"<p>auk\u0161tos kokyb\u0117s a\u0161menys su pailgintu tarnavimo laiku ir padidintu atsparumu \u012ftr\u016bkimams ir skilimui, SK2;<br \/>\ntriguba lazeriu pagal\u0105sta pjovimo briauna u\u017etikrina\u00a0a\u0161truma;<br \/>\na\u0161men\u0173 dydis: 61 x 33 x 19 mm;<br \/>\npatogioje plastikin\u0117je d\u0117\u017eut\u0117je;<br \/>\n10 peiliuk\u0173 komplekte.<\/p>","protected":false},"excerpt":{"rendered":"<p>Trapecin\u0117s gele\u017et\u0117s SK2, 19mm 10vnt.<\/p>","protected":false},"featured_media":264430,"comment_status":"open","ping_status":"open","template":"","meta":[],"product_cat":[9736],"product_tag":[9969],"class_list":{"0":"post-264428","1":"product","2":"type-product","3":"status-publish","4":"has-post-thumbnail","6":"product_brand-hogert-technik-vokietija","7":"product_cat-peiliukai-tapetams-geleztes-peiliai","8":"product_tag-hogert-technik-vokietija","10":"first","11":"instock","12":"purchasable","13":"product-type-simple"},"jetpack_sharing_enabled":true,"_links":{"self":[{"href":"https:\/\/irankiuzona.lt\/ru\/wp-json\/wp\/v2\/product\/264428","targetHints":{"allow":["GET"]}}],"collection":[{"href":"https:\/\/irankiuzona.lt\/ru\/wp-json\/wp\/v2\/product"}],"about":[{"href":"https:\/\/irankiuzona.lt\/ru\/wp-json\/wp\/v2\/types\/product"}],"replies":[{"embeddable":true,"href":"https:\/\/irankiuzona.lt\/ru\/wp-json\/wp\/v2\/comments?post=264428"}],"version-history":[{"count":1,"href":"https:\/\/irankiuzona.lt\/ru\/wp-json\/wp\/v2\/product\/264428\/revisions"}],"predecessor-version":[{"id":423255,"href":"https:\/\/irankiuzona.lt\/ru\/wp-json\/wp\/v2\/product\/264428\/revisions\/423255"}],"wp:featuredmedia":[{"embeddable":true,"href":"https:\/\/irankiuzona.lt\/ru\/wp-json\/wp\/v2\/media\/264430"}],"wp:attachment":[{"href":"https:\/\/irankiuzona.lt\/ru\/wp-json\/wp\/v2\/media?parent=264428"}],"wp:term":[{"taxonomy":"product_cat","embeddable":true,"href":"https:\/\/irankiuzona.lt\/ru\/wp-json\/wp\/v2\/product_cat?post=264428"},{"taxonomy":"product_tag","embeddable":true,"href":"https:\/\/irankiuzona.lt\/ru\/wp-json\/wp\/v2\/product_tag?post=264428"}],"curies":[{"name":"wp","href":"https:\/\/api.w.org\/{rel}","templated":true}]}}