{"id":264434,"date":"2024-09-29T14:00:09","date_gmt":"2024-09-29T14:00:09","guid":{"rendered":"https:\/\/irankiuzona.lt\/product\/marskineliai-tamsiai-pilkos-sp-medvilniniai-l\/"},"modified":"2026-03-31T21:02:13","modified_gmt":"2026-03-31T21:02:13","slug":"marskineliai-tamsiai-pilkos-sp-medvilniniai-l","status":"publish","type":"product","link":"https:\/\/irankiuzona.lt\/ru\/product\/marskineliai-tamsiai-pilkos-sp-medvilniniai-l\/","title":{"rendered":"Mar\u0161kin\u0117liai tamsiai pilkos sp., medvilniniai, L"},"content":{"rendered":"<p>med\u017eiaga: 100% medviln\u0117, 180 g\/m\u00b2;<br \/>\npatvarus audinys;<br \/>\nvienspalvis dizainas;<br \/>\nsiaura, briaunota i\u0161kirpt\u0117;<br \/>\nklasikinis kirpimas.<\/p>","protected":false},"excerpt":{"rendered":"<p>Mar\u0161kin\u0117liai tamsiai pilkos sp., medvilniniai, L<\/p>","protected":false},"featured_media":264436,"comment_status":"open","ping_status":"open","template":"","meta":[],"product_cat":[10063],"product_tag":[9969],"class_list":{"0":"post-264434","1":"product","2":"type-product","3":"status-publish","4":"has-post-thumbnail","6":"product_brand-hogert-technik-vokietija","7":"product_cat-darbiniai-marskineliai","8":"product_tag-hogert-technik-vokietija","10":"first","11":"outofstock","12":"purchasable","13":"product-type-simple"},"jetpack_sharing_enabled":true,"_links":{"self":[{"href":"https:\/\/irankiuzona.lt\/ru\/wp-json\/wp\/v2\/product\/264434","targetHints":{"allow":["GET"]}}],"collection":[{"href":"https:\/\/irankiuzona.lt\/ru\/wp-json\/wp\/v2\/product"}],"about":[{"href":"https:\/\/irankiuzona.lt\/ru\/wp-json\/wp\/v2\/types\/product"}],"replies":[{"embeddable":true,"href":"https:\/\/irankiuzona.lt\/ru\/wp-json\/wp\/v2\/comments?post=264434"}],"version-history":[{"count":1,"href":"https:\/\/irankiuzona.lt\/ru\/wp-json\/wp\/v2\/product\/264434\/revisions"}],"predecessor-version":[{"id":423257,"href":"https:\/\/irankiuzona.lt\/ru\/wp-json\/wp\/v2\/product\/264434\/revisions\/423257"}],"wp:featuredmedia":[{"embeddable":true,"href":"https:\/\/irankiuzona.lt\/ru\/wp-json\/wp\/v2\/media\/264436"}],"wp:attachment":[{"href":"https:\/\/irankiuzona.lt\/ru\/wp-json\/wp\/v2\/media?parent=264434"}],"wp:term":[{"taxonomy":"product_cat","embeddable":true,"href":"https:\/\/irankiuzona.lt\/ru\/wp-json\/wp\/v2\/product_cat?post=264434"},{"taxonomy":"product_tag","embeddable":true,"href":"https:\/\/irankiuzona.lt\/ru\/wp-json\/wp\/v2\/product_tag?post=264434"}],"curies":[{"name":"wp","href":"https:\/\/api.w.org\/{rel}","templated":true}]}}