{"id":264481,"date":"2024-09-29T14:00:13","date_gmt":"2024-09-29T14:00:13","guid":{"rendered":"https:\/\/irankiuzona.lt\/product\/luzusiu-varztu-issukejai-m5-m16-25-daliu\/"},"modified":"2026-05-16T06:22:05","modified_gmt":"2026-05-16T06:22:05","slug":"luzusiu-varztu-issukejai-m5-m16-25-daliu","status":"publish","type":"product","link":"https:\/\/irankiuzona.lt\/ru\/product\/luzusiu-varztu-issukejai-m5-m16-25-daliu\/","title":{"rendered":"L\u016b\u017eusi\u0173 var\u017et\u0173 i\u0161suk\u0117jai M5-M16 \/ 25 dali\u0173"},"content":{"rendered":"<p>Nulau\u017etiems var\u017etams M5 &#8211; M165 vnt HSS gr\u0105\u017etai: 3,2, 4,8, 6,4, 8,0, 8,7 mm10 vnt pilotini\u0173 \u012fvori\u0173: 4,0, 4,8, 4,8, 4,8, 6,0, 7,1, 7,1, 7,1, 9,2, 9,5 mm5 vnt i\u0161traukimo kai\u0161\u010diai: 3,2, 4,8, 6,4, 8,0, 8,7 mm5 vnt i\u0161traukimo ver\u017el\u0117s: 10, 11, 13, 14, 17 mm<\/p>","protected":false},"excerpt":{"rendered":"<p>L\u016b\u017eusi\u0173 var\u017et\u0173 i\u0161suk\u0117jai M5-M16 \/ 25 dali\u0173<\/p>","protected":false},"featured_media":264483,"comment_status":"open","ping_status":"closed","template":"","meta":[],"product_cat":[9557],"product_tag":[9462],"class_list":{"0":"post-264481","1":"product","2":"type-product","3":"status-publish","4":"has-post-thumbnail","6":"product_brand-condor-werkzeug-vokietija","7":"product_cat-nulauztu-varztu-issukimo-irankiai","8":"product_tag-condor-werkzeug-vokietija","10":"first","11":"instock","12":"sale","13":"purchasable","14":"product-type-simple"},"jetpack_sharing_enabled":true,"_links":{"self":[{"href":"https:\/\/irankiuzona.lt\/ru\/wp-json\/wp\/v2\/product\/264481","targetHints":{"allow":["GET"]}}],"collection":[{"href":"https:\/\/irankiuzona.lt\/ru\/wp-json\/wp\/v2\/product"}],"about":[{"href":"https:\/\/irankiuzona.lt\/ru\/wp-json\/wp\/v2\/types\/product"}],"replies":[{"embeddable":true,"href":"https:\/\/irankiuzona.lt\/ru\/wp-json\/wp\/v2\/comments?post=264481"}],"version-history":[{"count":1,"href":"https:\/\/irankiuzona.lt\/ru\/wp-json\/wp\/v2\/product\/264481\/revisions"}],"predecessor-version":[{"id":423273,"href":"https:\/\/irankiuzona.lt\/ru\/wp-json\/wp\/v2\/product\/264481\/revisions\/423273"}],"wp:featuredmedia":[{"embeddable":true,"href":"https:\/\/irankiuzona.lt\/ru\/wp-json\/wp\/v2\/media\/264483"}],"wp:attachment":[{"href":"https:\/\/irankiuzona.lt\/ru\/wp-json\/wp\/v2\/media?parent=264481"}],"wp:term":[{"taxonomy":"product_cat","embeddable":true,"href":"https:\/\/irankiuzona.lt\/ru\/wp-json\/wp\/v2\/product_cat?post=264481"},{"taxonomy":"product_tag","embeddable":true,"href":"https:\/\/irankiuzona.lt\/ru\/wp-json\/wp\/v2\/product_tag?post=264481"}],"curies":[{"name":"wp","href":"https:\/\/api.w.org\/{rel}","templated":true}]}}