{"id":264493,"date":"2024-09-29T14:00:14","date_gmt":"2024-09-29T14:00:14","guid":{"rendered":"https:\/\/irankiuzona.lt\/product\/spec-galvute-tepalo-slegio-voztuvui-mercedes\/"},"modified":"2026-05-16T10:56:25","modified_gmt":"2026-05-16T10:56:25","slug":"spec-galvute-tepalo-slegio-voztuvui-mercedes","status":"publish","type":"product","link":"https:\/\/irankiuzona.lt\/ru\/product\/spec-galvute-tepalo-slegio-voztuvui-mercedes\/","title":{"rendered":"Spec galvut\u0117 tepalo sl\u0117gio vo\u017etuvui MERCEDES"},"content":{"rendered":"<p>1,8 ir 2,2 l OM651 dyzeliniams varikliamsA klas\u0117je, B klas\u0117je, C klas\u0117je, CLA kup\u0117, CLS, E klas\u0117, GLA, GLC, GLE, GLK, Marco Polo Camper, M klas\u0117, S klas\u0117, SLC, SLK, Sprinter, Viano , Vito ir V klas\u0117alyvos sl\u0117gio jungiklio i\u0161montavimui\/surinkimui be pa\u017eeidim\u0173 OEM nuorodos Nr. A6511800115651901, 651910, 651911, 651912, 651913, 651916, 651921, 651922, 651924, 651925, 651930, 651940, 651950, 651955, 651956, 651957, 651958, 651959, 651960, 651961, 651980<\/p>","protected":false},"excerpt":{"rendered":"<p>Spec galvut\u0117 tepalo sl\u0117gio vo\u017etuvui MERCEDES<\/p>","protected":false},"featured_media":264495,"comment_status":"open","ping_status":"open","template":"","meta":[],"product_cat":[9505],"product_tag":[9462],"class_list":{"0":"post-264493","1":"product","2":"type-product","3":"status-publish","4":"has-post-thumbnail","6":"product_brand-condor-werkzeug-vokietija","7":"product_cat-spec-galvutes-raktai-antgaliai","8":"product_tag-condor-werkzeug-vokietija","10":"first","11":"instock","12":"purchasable","13":"product-type-simple"},"jetpack_sharing_enabled":true,"_links":{"self":[{"href":"https:\/\/irankiuzona.lt\/ru\/wp-json\/wp\/v2\/product\/264493","targetHints":{"allow":["GET"]}}],"collection":[{"href":"https:\/\/irankiuzona.lt\/ru\/wp-json\/wp\/v2\/product"}],"about":[{"href":"https:\/\/irankiuzona.lt\/ru\/wp-json\/wp\/v2\/types\/product"}],"replies":[{"embeddable":true,"href":"https:\/\/irankiuzona.lt\/ru\/wp-json\/wp\/v2\/comments?post=264493"}],"version-history":[{"count":1,"href":"https:\/\/irankiuzona.lt\/ru\/wp-json\/wp\/v2\/product\/264493\/revisions"}],"predecessor-version":[{"id":423282,"href":"https:\/\/irankiuzona.lt\/ru\/wp-json\/wp\/v2\/product\/264493\/revisions\/423282"}],"wp:featuredmedia":[{"embeddable":true,"href":"https:\/\/irankiuzona.lt\/ru\/wp-json\/wp\/v2\/media\/264495"}],"wp:attachment":[{"href":"https:\/\/irankiuzona.lt\/ru\/wp-json\/wp\/v2\/media?parent=264493"}],"wp:term":[{"taxonomy":"product_cat","embeddable":true,"href":"https:\/\/irankiuzona.lt\/ru\/wp-json\/wp\/v2\/product_cat?post=264493"},{"taxonomy":"product_tag","embeddable":true,"href":"https:\/\/irankiuzona.lt\/ru\/wp-json\/wp\/v2\/product_tag?post=264493"}],"curies":[{"name":"wp","href":"https:\/\/api.w.org\/{rel}","templated":true}]}}