{"id":264502,"date":"2024-09-29T14:00:15","date_gmt":"2024-09-29T14:00:15","guid":{"rendered":"https:\/\/irankiuzona.lt\/product\/volelis-guminis-teleskopinis-klijuojamiems-pavirsiams-spausti\/"},"modified":"2026-05-16T16:15:28","modified_gmt":"2026-05-16T16:15:28","slug":"volelis-guminis-teleskopinis-klijuojamiems-pavirsiams-spausti","status":"publish","type":"product","link":"https:\/\/irankiuzona.lt\/ru\/product\/volelis-guminis-teleskopinis-klijuojamiems-pavirsiams-spausti\/","title":{"rendered":"Volelis guminis teleskopinis, klijuojamiems pavir\u0161iams spausti"},"content":{"rendered":"<p>Ilgis: 450-690 mmGumini\u0173 voleli\u0173 dydis 38 x 58 mm<\/p>","protected":false},"excerpt":{"rendered":"<p>Guminis volelis klijuojamiems pavir\u0161iams spausti, reguliuojamo ilgio &#8211; teleskopinis<\/p>","protected":false},"featured_media":264504,"comment_status":"open","ping_status":"open","template":"","meta":[],"product_cat":[9464],"product_tag":[9483],"class_list":{"0":"post-264502","1":"product","2":"type-product","3":"status-publish","4":"has-post-thumbnail","6":"product_brand-yato-lenkija","7":"product_cat-teptukai","8":"product_tag-yato-lenkija","10":"first","11":"instock","12":"purchasable","13":"product-type-simple"},"jetpack_sharing_enabled":true,"_links":{"self":[{"href":"https:\/\/irankiuzona.lt\/ru\/wp-json\/wp\/v2\/product\/264502","targetHints":{"allow":["GET"]}}],"collection":[{"href":"https:\/\/irankiuzona.lt\/ru\/wp-json\/wp\/v2\/product"}],"about":[{"href":"https:\/\/irankiuzona.lt\/ru\/wp-json\/wp\/v2\/types\/product"}],"replies":[{"embeddable":true,"href":"https:\/\/irankiuzona.lt\/ru\/wp-json\/wp\/v2\/comments?post=264502"}],"version-history":[{"count":1,"href":"https:\/\/irankiuzona.lt\/ru\/wp-json\/wp\/v2\/product\/264502\/revisions"}],"predecessor-version":[{"id":423285,"href":"https:\/\/irankiuzona.lt\/ru\/wp-json\/wp\/v2\/product\/264502\/revisions\/423285"}],"wp:featuredmedia":[{"embeddable":true,"href":"https:\/\/irankiuzona.lt\/ru\/wp-json\/wp\/v2\/media\/264504"}],"wp:attachment":[{"href":"https:\/\/irankiuzona.lt\/ru\/wp-json\/wp\/v2\/media?parent=264502"}],"wp:term":[{"taxonomy":"product_cat","embeddable":true,"href":"https:\/\/irankiuzona.lt\/ru\/wp-json\/wp\/v2\/product_cat?post=264502"},{"taxonomy":"product_tag","embeddable":true,"href":"https:\/\/irankiuzona.lt\/ru\/wp-json\/wp\/v2\/product_tag?post=264502"}],"curies":[{"name":"wp","href":"https:\/\/api.w.org\/{rel}","templated":true}]}}