{"id":264568,"date":"2024-09-29T14:00:20","date_gmt":"2024-09-29T14:00:20","guid":{"rendered":"https:\/\/irankiuzona.lt\/product\/cilindru-sveitiklis-trisparnis-o-32-89-mm-1-4-honingas\/"},"modified":"2026-04-20T13:57:43","modified_gmt":"2026-04-20T13:57:43","slug":"cilindru-sveitiklis-trisparnis-o-32-89-mm-1-4-honingas","status":"publish","type":"product","link":"https:\/\/irankiuzona.lt\/ru\/product\/cilindru-sveitiklis-trisparnis-o-32-89-mm-1-4-honingas\/","title":{"rendered":"Cilindr\u0173 \u0161veitiklis trisparnis \u00f8 32-89 mm 1\/4&quot; (honingas)"},"content":{"rendered":"<p>Cilindr\u0173 \u0161veitiklis trisparnis \u00f8 32-89 mm 1\/4&quot;<\/p>","protected":false},"excerpt":{"rendered":"<p>Cilindr\u0173 \u0161veitiklis trisparnis \u00f8 32-89 mm 1\/4&quot; (honingas)<\/p>","protected":false},"featured_media":264570,"comment_status":"open","ping_status":"open","template":"","meta":[],"product_cat":[9555],"product_tag":[10130],"class_list":{"0":"post-264568","1":"product","2":"type-product","3":"status-publish","4":"has-post-thumbnail","6":"product_brand-satra-lenkija","7":"product_cat-irankiai-honingavimui-slifavimui","8":"product_tag-satra-lenkija","10":"first","11":"instock","12":"purchasable","13":"product-type-simple"},"jetpack_sharing_enabled":true,"_links":{"self":[{"href":"https:\/\/irankiuzona.lt\/ru\/wp-json\/wp\/v2\/product\/264568","targetHints":{"allow":["GET"]}}],"collection":[{"href":"https:\/\/irankiuzona.lt\/ru\/wp-json\/wp\/v2\/product"}],"about":[{"href":"https:\/\/irankiuzona.lt\/ru\/wp-json\/wp\/v2\/types\/product"}],"replies":[{"embeddable":true,"href":"https:\/\/irankiuzona.lt\/ru\/wp-json\/wp\/v2\/comments?post=264568"}],"version-history":[{"count":1,"href":"https:\/\/irankiuzona.lt\/ru\/wp-json\/wp\/v2\/product\/264568\/revisions"}],"predecessor-version":[{"id":423307,"href":"https:\/\/irankiuzona.lt\/ru\/wp-json\/wp\/v2\/product\/264568\/revisions\/423307"}],"wp:featuredmedia":[{"embeddable":true,"href":"https:\/\/irankiuzona.lt\/ru\/wp-json\/wp\/v2\/media\/264570"}],"wp:attachment":[{"href":"https:\/\/irankiuzona.lt\/ru\/wp-json\/wp\/v2\/media?parent=264568"}],"wp:term":[{"taxonomy":"product_cat","embeddable":true,"href":"https:\/\/irankiuzona.lt\/ru\/wp-json\/wp\/v2\/product_cat?post=264568"},{"taxonomy":"product_tag","embeddable":true,"href":"https:\/\/irankiuzona.lt\/ru\/wp-json\/wp\/v2\/product_tag?post=264568"}],"curies":[{"name":"wp","href":"https:\/\/api.w.org\/{rel}","templated":true}]}}