{"id":264628,"date":"2024-09-29T14:00:24","date_gmt":"2024-09-29T14:00:24","guid":{"rendered":"https:\/\/irankiuzona.lt\/product\/dujinis-degiklis-su-pjezo-1200c\/"},"modified":"2026-05-16T20:36:31","modified_gmt":"2026-05-16T20:36:31","slug":"dujinis-degiklis-su-pjezo-1200c","status":"publish","type":"product","link":"https:\/\/irankiuzona.lt\/ru\/product\/dujinis-degiklis-su-pjezo-1200c\/","title":{"rendered":"Dujinis degiklis su pjezo 1200C"},"content":{"rendered":"<p>degiklio galia: 1,2 kW;<br \/>\nmaksimali darbin\u0117 temperat\u016bra: 1200C;<br \/>\nbutanas;<br \/>\npjezo u\u017edegimas;<br \/>\npjezoelektrinis u\u017edegimas \u2013 paspaudus mygtuk\u0105 atsiranda kibirk\u0161tis, kuri u\u017edega duj\u0173 sraut\u0105;<br \/>\nturi liepsnos reguliavimo ranken\u0117l\u0119;<br \/>\nsaugaus naudojimo garantija d\u0117l specialaus mygtuko, kuris apsaugo nuo atsitiktinio \u012fjungimo;<br \/>\nstabilus pagrindas leid\u017eia saugiai pastatyti degikl\u012f;<br \/>\npapildomas gaiduko u\u017erakto mygtukas leid\u017eia nuolat veikti nelaikant gaiduko;<br \/>\nne\u0161iojamas ir saugus naudoti.<\/p>","protected":false},"excerpt":{"rendered":"<p>Dujinis degiklis su pjezo 1200C<\/p>","protected":false},"featured_media":264630,"comment_status":"open","ping_status":"open","template":"","meta":[],"product_cat":[9788],"product_tag":[9969],"class_list":{"0":"post-264628","1":"product","2":"type-product","3":"status-publish","4":"has-post-thumbnail","6":"product_brand-hogert-technik-vokietija","7":"product_cat-dujiniai-degikliai","8":"product_tag-hogert-technik-vokietija","10":"first","11":"instock","12":"purchasable","13":"product-type-simple"},"jetpack_sharing_enabled":true,"_links":{"self":[{"href":"https:\/\/irankiuzona.lt\/ru\/wp-json\/wp\/v2\/product\/264628","targetHints":{"allow":["GET"]}}],"collection":[{"href":"https:\/\/irankiuzona.lt\/ru\/wp-json\/wp\/v2\/product"}],"about":[{"href":"https:\/\/irankiuzona.lt\/ru\/wp-json\/wp\/v2\/types\/product"}],"replies":[{"embeddable":true,"href":"https:\/\/irankiuzona.lt\/ru\/wp-json\/wp\/v2\/comments?post=264628"}],"version-history":[{"count":1,"href":"https:\/\/irankiuzona.lt\/ru\/wp-json\/wp\/v2\/product\/264628\/revisions"}],"predecessor-version":[{"id":423327,"href":"https:\/\/irankiuzona.lt\/ru\/wp-json\/wp\/v2\/product\/264628\/revisions\/423327"}],"wp:featuredmedia":[{"embeddable":true,"href":"https:\/\/irankiuzona.lt\/ru\/wp-json\/wp\/v2\/media\/264630"}],"wp:attachment":[{"href":"https:\/\/irankiuzona.lt\/ru\/wp-json\/wp\/v2\/media?parent=264628"}],"wp:term":[{"taxonomy":"product_cat","embeddable":true,"href":"https:\/\/irankiuzona.lt\/ru\/wp-json\/wp\/v2\/product_cat?post=264628"},{"taxonomy":"product_tag","embeddable":true,"href":"https:\/\/irankiuzona.lt\/ru\/wp-json\/wp\/v2\/product_tag?post=264628"}],"curies":[{"name":"wp","href":"https:\/\/api.w.org\/{rel}","templated":true}]}}