{"id":264631,"date":"2024-09-29T14:00:24","date_gmt":"2024-09-29T14:00:24","guid":{"rendered":"https:\/\/irankiuzona.lt\/product\/slifavimo-popierius-su-skylutemis-150mm-p240-5vnt\/"},"modified":"2026-05-16T21:34:12","modified_gmt":"2026-05-16T21:34:12","slug":"slifavimo-popierius-su-skylutemis-150mm-p240-5vnt","status":"publish","type":"product","link":"https:\/\/irankiuzona.lt\/ru\/product\/slifavimo-popierius-su-skylutemis-150mm-p240-5vnt\/","title":{"rendered":"\u0160lifavimo popierius su skylut\u0117mis 150mm P240 *5vnt"},"content":{"rendered":"<p>pagamintas i\u0161 sintetin\u0117s dervos;<br \/>\nVelcro tvirtinimas, greitam montavimui ar pakeitimui;<br \/>\ndulki\u0173 nusiurbimo sistema suderinama su 6, 9 arba 15 ang\u0173 sistemomis;<br \/>\nPakuot\u0117je 5 vnt.<\/p>","protected":false},"excerpt":{"rendered":"<p>\u0160lifavimo popierius su skylut\u0117mis 150mm P240 *5vnt<\/p>","protected":false},"featured_media":264633,"comment_status":"open","ping_status":"open","template":"","meta":[],"product_cat":[9645],"product_tag":[9969],"class_list":{"0":"post-264631","1":"product","2":"type-product","3":"status-publish","4":"has-post-thumbnail","6":"product_brand-hogert-technik-vokietija","7":"product_cat-slifavimo-popierius","8":"product_tag-hogert-technik-vokietija","10":"first","11":"instock","12":"purchasable","13":"product-type-simple"},"jetpack_sharing_enabled":true,"_links":{"self":[{"href":"https:\/\/irankiuzona.lt\/ru\/wp-json\/wp\/v2\/product\/264631","targetHints":{"allow":["GET"]}}],"collection":[{"href":"https:\/\/irankiuzona.lt\/ru\/wp-json\/wp\/v2\/product"}],"about":[{"href":"https:\/\/irankiuzona.lt\/ru\/wp-json\/wp\/v2\/types\/product"}],"replies":[{"embeddable":true,"href":"https:\/\/irankiuzona.lt\/ru\/wp-json\/wp\/v2\/comments?post=264631"}],"version-history":[{"count":1,"href":"https:\/\/irankiuzona.lt\/ru\/wp-json\/wp\/v2\/product\/264631\/revisions"}],"predecessor-version":[{"id":423328,"href":"https:\/\/irankiuzona.lt\/ru\/wp-json\/wp\/v2\/product\/264631\/revisions\/423328"}],"wp:featuredmedia":[{"embeddable":true,"href":"https:\/\/irankiuzona.lt\/ru\/wp-json\/wp\/v2\/media\/264633"}],"wp:attachment":[{"href":"https:\/\/irankiuzona.lt\/ru\/wp-json\/wp\/v2\/media?parent=264631"}],"wp:term":[{"taxonomy":"product_cat","embeddable":true,"href":"https:\/\/irankiuzona.lt\/ru\/wp-json\/wp\/v2\/product_cat?post=264631"},{"taxonomy":"product_tag","embeddable":true,"href":"https:\/\/irankiuzona.lt\/ru\/wp-json\/wp\/v2\/product_tag?post=264631"}],"curies":[{"name":"wp","href":"https:\/\/api.w.org\/{rel}","templated":true}]}}