{"id":264712,"date":"2024-09-29T14:00:28","date_gmt":"2024-09-29T14:00:28","guid":{"rendered":"https:\/\/irankiuzona.lt\/product\/gumines-tarpines-kondicionieriui-420-vnt\/"},"modified":"2026-04-07T19:47:31","modified_gmt":"2026-04-07T19:47:31","slug":"gumines-tarpines-kondicionieriui-420-vnt","status":"publish","type":"product","link":"https:\/\/irankiuzona.lt\/ru\/product\/gumines-tarpines-kondicionieriui-420-vnt\/","title":{"rendered":"Gumin\u0117s tarpin\u0117s kondicionieriui 420 vnt."},"content":{"rendered":"<p>6,07\u00d71,78mm &#8211; 30vnt.6,8\u00d71,9mm &#8211; 30vnt.7,65\u00d71,78mm &#8211; 35vnt.7,8\u00d71,9mm &#8211; 30vnt.8x2mm &#8211; 30vnt.8,8\u00d71,9mm &#8211; 20vnt.10,82\u00d71,78mm &#8211; 25vnt.10,77\u00d72,62mm &#8211; 25vnt11x2mm &#8211; 25vnt.12x2mm &#8211; 25vnt.13,9\u00d71,8mm &#8211; 25vnt.13,95\u00d72,62mm &#8211; 15vnt14x2mm &#8211; 15 vnt.15x2mm &#8211; 15vnt.17,00x2mm &#8211; 15 vnt.17,17\u00d71,78 &#8211; 15vnt.17,04\u00d73,53mm &#8211; 15vnt.<\/p>","protected":false},"excerpt":{"rendered":"<p>Gumin\u0117s tarpin\u0117s kondicionieriui 420 vnt.<\/p>","protected":false},"featured_media":264714,"comment_status":"open","ping_status":"open","template":"","meta":[],"product_cat":[9789],"product_tag":[10131],"class_list":{"0":"post-264712","1":"product","2":"type-product","3":"status-publish","4":"has-post-thumbnail","6":"product_brand-asta-lenkija","7":"product_cat-iranga-kondicionieriu-pildymui-priedai","8":"product_tag-asta-lenkija","10":"first","11":"instock","12":"purchasable","13":"product-type-simple"},"jetpack_sharing_enabled":true,"_links":{"self":[{"href":"https:\/\/irankiuzona.lt\/ru\/wp-json\/wp\/v2\/product\/264712","targetHints":{"allow":["GET"]}}],"collection":[{"href":"https:\/\/irankiuzona.lt\/ru\/wp-json\/wp\/v2\/product"}],"about":[{"href":"https:\/\/irankiuzona.lt\/ru\/wp-json\/wp\/v2\/types\/product"}],"replies":[{"embeddable":true,"href":"https:\/\/irankiuzona.lt\/ru\/wp-json\/wp\/v2\/comments?post=264712"}],"version-history":[{"count":0,"href":"https:\/\/irankiuzona.lt\/ru\/wp-json\/wp\/v2\/product\/264712\/revisions"}],"wp:featuredmedia":[{"embeddable":true,"href":"https:\/\/irankiuzona.lt\/ru\/wp-json\/wp\/v2\/media\/264714"}],"wp:attachment":[{"href":"https:\/\/irankiuzona.lt\/ru\/wp-json\/wp\/v2\/media?parent=264712"}],"wp:term":[{"taxonomy":"product_cat","embeddable":true,"href":"https:\/\/irankiuzona.lt\/ru\/wp-json\/wp\/v2\/product_cat?post=264712"},{"taxonomy":"product_tag","embeddable":true,"href":"https:\/\/irankiuzona.lt\/ru\/wp-json\/wp\/v2\/product_tag?post=264712"}],"curies":[{"name":"wp","href":"https:\/\/api.w.org\/{rel}","templated":true}]}}