{"id":264721,"date":"2024-09-29T14:00:29","date_gmt":"2024-09-29T14:00:29","guid":{"rendered":"https:\/\/irankiuzona.lt\/product\/spec-galvute-3-8-8mm-sugadintiems-varztams\/"},"modified":"2026-04-07T19:47:32","modified_gmt":"2026-04-07T19:47:32","slug":"spec-galvute-3-8-8mm-sugadintiems-varztams","status":"publish","type":"product","link":"https:\/\/irankiuzona.lt\/ru\/product\/spec-galvute-3-8-8mm-sugadintiems-varztams\/","title":{"rendered":"Spec. galvut\u0117 3\/8&#8221; 8mm \/ sugadintiems var\u017etams"},"content":{"rendered":"<p>Cr-MoGalvut\u0117 &quot;g\u0117lyt\u0117&quot; skirta atsukti sugadintas, prasuktas ver\u017eles bei var\u017etus.<\/p>","protected":false},"excerpt":{"rendered":"<p>Spec. galvut\u0117 3\/8&#8221; 8mm \/ sugadintiems var\u017etams<\/p>","protected":false},"featured_media":264723,"comment_status":"open","ping_status":"open","template":"","meta":[],"product_cat":[9783],"product_tag":[10130],"class_list":{"0":"post-264721","1":"product","2":"type-product","3":"status-publish","4":"has-post-thumbnail","6":"product_brand-satra-lenkija","7":"product_cat-galvutes-sugadintiems-varztams-verzlems-po-1vnt","8":"product_tag-satra-lenkija","10":"first","11":"instock","12":"purchasable","13":"product-type-simple"},"jetpack_sharing_enabled":true,"_links":{"self":[{"href":"https:\/\/irankiuzona.lt\/ru\/wp-json\/wp\/v2\/product\/264721","targetHints":{"allow":["GET"]}}],"collection":[{"href":"https:\/\/irankiuzona.lt\/ru\/wp-json\/wp\/v2\/product"}],"about":[{"href":"https:\/\/irankiuzona.lt\/ru\/wp-json\/wp\/v2\/types\/product"}],"replies":[{"embeddable":true,"href":"https:\/\/irankiuzona.lt\/ru\/wp-json\/wp\/v2\/comments?post=264721"}],"version-history":[{"count":0,"href":"https:\/\/irankiuzona.lt\/ru\/wp-json\/wp\/v2\/product\/264721\/revisions"}],"wp:featuredmedia":[{"embeddable":true,"href":"https:\/\/irankiuzona.lt\/ru\/wp-json\/wp\/v2\/media\/264723"}],"wp:attachment":[{"href":"https:\/\/irankiuzona.lt\/ru\/wp-json\/wp\/v2\/media?parent=264721"}],"wp:term":[{"taxonomy":"product_cat","embeddable":true,"href":"https:\/\/irankiuzona.lt\/ru\/wp-json\/wp\/v2\/product_cat?post=264721"},{"taxonomy":"product_tag","embeddable":true,"href":"https:\/\/irankiuzona.lt\/ru\/wp-json\/wp\/v2\/product_tag?post=264721"}],"curies":[{"name":"wp","href":"https:\/\/api.w.org\/{rel}","templated":true}]}}