{"id":265022,"date":"2024-09-29T14:00:52","date_gmt":"2024-09-29T14:00:52","guid":{"rendered":"https:\/\/irankiuzona.lt\/product\/salmas-melynas-hogert-technik-ht5k195\/"},"modified":"2026-04-14T18:45:53","modified_gmt":"2026-04-14T18:45:53","slug":"salmas-melynas-hogert-technik-ht5k195","status":"publish","type":"product","link":"https:\/\/irankiuzona.lt\/ru\/product\/salmas-melynas-hogert-technik-ht5k195\/","title":{"rendered":"\u0160almas m\u0117lynas Hogert technik HT5K195"},"content":{"rendered":"<p>Prek\u0117s apra\u0161ymas<br \/>\nSukurta profesionaliam naudojimui.<br \/>\n. ABS \u0161almo korpuso med\u017eiaga;. ranken\u0117l\u0117s reguliavimas \u2013 puikus reguliavimas pagal galvos apimt\u012f;. 6 ta\u0161k\u0173 sistema;. ventiliacijos angos;. higroskopinis mikroput\u0173 prakaito konservatorius;. apsaugo nuo UV spinduli\u0173;. svoris 400 g<\/p>","protected":false},"excerpt":{"rendered":"<p>\u0160almas m\u0117lynas\u00a0<\/p>","protected":false},"featured_media":265024,"comment_status":"open","ping_status":"open","template":"","meta":[],"product_cat":[9989],"product_tag":[9969],"class_list":{"0":"post-265022","1":"product","2":"type-product","3":"status-publish","4":"has-post-thumbnail","6":"product_brand-hogert-technik-vokietija","7":"product_cat-darbo-salmai","8":"product_tag-hogert-technik-vokietija","10":"first","11":"instock","12":"purchasable","13":"product-type-simple"},"jetpack_sharing_enabled":true,"_links":{"self":[{"href":"https:\/\/irankiuzona.lt\/ru\/wp-json\/wp\/v2\/product\/265022","targetHints":{"allow":["GET"]}}],"collection":[{"href":"https:\/\/irankiuzona.lt\/ru\/wp-json\/wp\/v2\/product"}],"about":[{"href":"https:\/\/irankiuzona.lt\/ru\/wp-json\/wp\/v2\/types\/product"}],"replies":[{"embeddable":true,"href":"https:\/\/irankiuzona.lt\/ru\/wp-json\/wp\/v2\/comments?post=265022"}],"version-history":[{"count":1,"href":"https:\/\/irankiuzona.lt\/ru\/wp-json\/wp\/v2\/product\/265022\/revisions"}],"predecessor-version":[{"id":423460,"href":"https:\/\/irankiuzona.lt\/ru\/wp-json\/wp\/v2\/product\/265022\/revisions\/423460"}],"wp:featuredmedia":[{"embeddable":true,"href":"https:\/\/irankiuzona.lt\/ru\/wp-json\/wp\/v2\/media\/265024"}],"wp:attachment":[{"href":"https:\/\/irankiuzona.lt\/ru\/wp-json\/wp\/v2\/media?parent=265022"}],"wp:term":[{"taxonomy":"product_cat","embeddable":true,"href":"https:\/\/irankiuzona.lt\/ru\/wp-json\/wp\/v2\/product_cat?post=265022"},{"taxonomy":"product_tag","embeddable":true,"href":"https:\/\/irankiuzona.lt\/ru\/wp-json\/wp\/v2\/product_tag?post=265022"}],"curies":[{"name":"wp","href":"https:\/\/api.w.org\/{rel}","templated":true}]}}