{"id":265025,"date":"2024-09-29T14:00:52","date_gmt":"2024-09-29T14:00:52","guid":{"rendered":"https:\/\/irankiuzona.lt\/product\/hogert-irankiu-vezimelis-4-daliu-modulinis\/"},"modified":"2026-04-14T14:45:59","modified_gmt":"2026-04-14T14:45:59","slug":"hogert-irankiu-vezimelis-4-daliu-modulinis","status":"publish","type":"product","link":"https:\/\/irankiuzona.lt\/ru\/product\/hogert-irankiu-vezimelis-4-daliu-modulinis\/","title":{"rendered":"HOGERT \u012eranki\u0173 ve\u017eim\u0117lis 4 dali\u0173, modulinis"},"content":{"rendered":"<p>Charakteristika:<\/p>\n<p>Sustiprinta sien\u0173 konstrukcija u\u017etikrina didesn\u012f atsparum\u0105 mechaniniams pa\u017eeidimams.<br \/>\nPatvarios tvirtinimo detal\u0117s i\u0161 ABS.<br \/>\nFunkcinis laikiklis viduje.<br \/>\nSu dideliais, guma dengtais ratukais, kad b\u016bt\u0173 lengva transportuoti d\u0117\u017e\u0119.<br \/>\nSuderinamas su kitais modulin\u0117s \u012franki\u0173 d\u0117\u017e\u0117s sistemos elementais.<\/p>","protected":false},"excerpt":{"rendered":"<p>\u012eranki\u0173 ve\u017eim\u0117lis 4 dali\u0173, modulinis<\/p>","protected":false},"featured_media":265027,"comment_status":"open","ping_status":"open","template":"","meta":[],"product_cat":[10064],"product_tag":[9969],"class_list":{"0":"post-265025","1":"product","2":"type-product","3":"status-publish","4":"has-post-thumbnail","6":"product_brand-hogert-technik-vokietija","7":"product_cat-irankiu-dezes-su-ratukais","8":"product_tag-hogert-technik-vokietija","10":"first","11":"instock","12":"purchasable","13":"product-type-simple"},"jetpack_sharing_enabled":true,"_links":{"self":[{"href":"https:\/\/irankiuzona.lt\/ru\/wp-json\/wp\/v2\/product\/265025","targetHints":{"allow":["GET"]}}],"collection":[{"href":"https:\/\/irankiuzona.lt\/ru\/wp-json\/wp\/v2\/product"}],"about":[{"href":"https:\/\/irankiuzona.lt\/ru\/wp-json\/wp\/v2\/types\/product"}],"replies":[{"embeddable":true,"href":"https:\/\/irankiuzona.lt\/ru\/wp-json\/wp\/v2\/comments?post=265025"}],"version-history":[{"count":1,"href":"https:\/\/irankiuzona.lt\/ru\/wp-json\/wp\/v2\/product\/265025\/revisions"}],"predecessor-version":[{"id":423461,"href":"https:\/\/irankiuzona.lt\/ru\/wp-json\/wp\/v2\/product\/265025\/revisions\/423461"}],"wp:featuredmedia":[{"embeddable":true,"href":"https:\/\/irankiuzona.lt\/ru\/wp-json\/wp\/v2\/media\/265027"}],"wp:attachment":[{"href":"https:\/\/irankiuzona.lt\/ru\/wp-json\/wp\/v2\/media?parent=265025"}],"wp:term":[{"taxonomy":"product_cat","embeddable":true,"href":"https:\/\/irankiuzona.lt\/ru\/wp-json\/wp\/v2\/product_cat?post=265025"},{"taxonomy":"product_tag","embeddable":true,"href":"https:\/\/irankiuzona.lt\/ru\/wp-json\/wp\/v2\/product_tag?post=265025"}],"curies":[{"name":"wp","href":"https:\/\/api.w.org\/{rel}","templated":true}]}}