{"id":265069,"date":"2024-09-29T14:00:55","date_gmt":"2024-09-29T14:00:55","guid":{"rendered":"https:\/\/irankiuzona.lt\/product\/testeris-co2-nuotekiui\/"},"modified":"2026-04-12T19:58:36","modified_gmt":"2026-04-12T19:58:36","slug":"testeris-co2-nuotekiui","status":"publish","type":"product","link":"https:\/\/irankiuzona.lt\/ru\/product\/testeris-co2-nuotekiui\/","title":{"rendered":"Testeris CO2 nuotekiui"},"content":{"rendered":"<p>Rinkinys:Prietaisas galvut\u0117s tarpiklio sandarumui matuoti. (turi dvi kameras, atskirtas filtru, ir universali\u0105 jungt\u012f su radiatoriaus dangteliu)Rankinis siurblys dujoms siurbti i\u0161 au\u0161inimo sistemosTalpykla su skysta reakcijos terpe 250mlTu\u0161\u010dia talpa nuotek\u0173 skys\u010diams (skyst\u012f, jei reakcija nepakito spalva, galima naudoti kelis kartus, jei nepateko \u012f au\u0161inimo skyst\u012f)Greitai nutraukiamas jungtis, tod\u0117l galima tvirtai prijungti ir taip tiksliau i\u0161matuoti.\u00a0\u00a0<br \/>\nAdapteriai:\u00a01) Mercedes-Benz, GM (Buick) ir Jeep\u00a02) Peugeot, Subaru, Chrysler, Acura, GM (Nova, Spectrum ir Sprint), Mitsubishi, Nissan, Mazda, Toyota, Infiniti, Geo, Suzuki, Isuzu ir Ford\u00a03) Honda, Toyota, Suzuki, Mitsubishi, Chrysler ir Acura.<br \/>\n\u00a0<\/p>","protected":false},"excerpt":{"rendered":"<p>Testeris CO2 nuotekiui<\/p>","protected":false},"featured_media":265071,"comment_status":"open","ping_status":"open","template":"","meta":[],"product_cat":[9752],"product_tag":[10131],"class_list":{"0":"post-265069","1":"product","2":"type-product","3":"status-publish","4":"has-post-thumbnail","6":"product_brand-asta-lenkija","7":"product_cat-anglies-dioksido-co2-testeriai","8":"product_tag-asta-lenkija","10":"first","11":"outofstock","12":"purchasable","13":"product-type-simple"},"jetpack_sharing_enabled":true,"_links":{"self":[{"href":"https:\/\/irankiuzona.lt\/ru\/wp-json\/wp\/v2\/product\/265069","targetHints":{"allow":["GET"]}}],"collection":[{"href":"https:\/\/irankiuzona.lt\/ru\/wp-json\/wp\/v2\/product"}],"about":[{"href":"https:\/\/irankiuzona.lt\/ru\/wp-json\/wp\/v2\/types\/product"}],"replies":[{"embeddable":true,"href":"https:\/\/irankiuzona.lt\/ru\/wp-json\/wp\/v2\/comments?post=265069"}],"version-history":[{"count":1,"href":"https:\/\/irankiuzona.lt\/ru\/wp-json\/wp\/v2\/product\/265069\/revisions"}],"predecessor-version":[{"id":423476,"href":"https:\/\/irankiuzona.lt\/ru\/wp-json\/wp\/v2\/product\/265069\/revisions\/423476"}],"wp:featuredmedia":[{"embeddable":true,"href":"https:\/\/irankiuzona.lt\/ru\/wp-json\/wp\/v2\/media\/265071"}],"wp:attachment":[{"href":"https:\/\/irankiuzona.lt\/ru\/wp-json\/wp\/v2\/media?parent=265069"}],"wp:term":[{"taxonomy":"product_cat","embeddable":true,"href":"https:\/\/irankiuzona.lt\/ru\/wp-json\/wp\/v2\/product_cat?post=265069"},{"taxonomy":"product_tag","embeddable":true,"href":"https:\/\/irankiuzona.lt\/ru\/wp-json\/wp\/v2\/product_tag?post=265069"}],"curies":[{"name":"wp","href":"https:\/\/api.w.org\/{rel}","templated":true}]}}