{"id":265171,"date":"2024-09-29T14:01:04","date_gmt":"2024-09-29T14:01:04","guid":{"rendered":"https:\/\/irankiuzona.lt\/product\/graztai-metalui-hss-titano-1-10mm-19-daliu\/"},"modified":"2026-05-16T20:36:48","modified_gmt":"2026-05-16T20:36:48","slug":"graztai-metalui-hss-titano-1-10mm-19-daliu","status":"publish","type":"product","link":"https:\/\/irankiuzona.lt\/ru\/product\/graztai-metalui-hss-titano-1-10mm-19-daliu\/","title":{"rendered":"Gr\u0105\u017etai metalui HSS titano 1-10mm 19 dali\u0173"},"content":{"rendered":"<p>titano nitriduotas, u\u017etikrina didesn\u012f patvarum\u0105 ir geresnes slydimo savybes<br \/>\npagamintas pagal DIN 338<br \/>\nbriaunos \u0161lifavimas, galo kampas 118\u00b0<br \/>\ngr\u0119\u017eti \u012fprast\u0105 plien\u0105 < 800 N\/mm\u00b2, pvz. plieno, ketaus\n\n\u00f8 1,0, 1,5, 2,0, 2,5, 3,0, 3,5, 4,0, 4,5, 5,0, 5,5, 6,0, 6,5, 7,0, 7,5, 8,0, 8,5, 9,5, 10,0 mm\n\u00a0\n<\/p>","protected":false},"excerpt":{"rendered":"<p>Gr\u0105\u017etai metalui HSS titano 1-10mm 19 dali\u0173<\/p>","protected":false},"featured_media":265173,"comment_status":"open","ping_status":"open","template":"","meta":[],"product_cat":[9582],"product_tag":[9462],"class_list":{"0":"post-265171","1":"product","2":"type-product","3":"status-publish","4":"has-post-thumbnail","6":"product_brand-condor-werkzeug-vokietija","7":"product_cat-graztu-metalui-komplektai","8":"product_tag-condor-werkzeug-vokietija","10":"first","11":"instock","12":"purchasable","13":"product-type-simple"},"jetpack_sharing_enabled":true,"_links":{"self":[{"href":"https:\/\/irankiuzona.lt\/ru\/wp-json\/wp\/v2\/product\/265171","targetHints":{"allow":["GET"]}}],"collection":[{"href":"https:\/\/irankiuzona.lt\/ru\/wp-json\/wp\/v2\/product"}],"about":[{"href":"https:\/\/irankiuzona.lt\/ru\/wp-json\/wp\/v2\/types\/product"}],"replies":[{"embeddable":true,"href":"https:\/\/irankiuzona.lt\/ru\/wp-json\/wp\/v2\/comments?post=265171"}],"version-history":[{"count":1,"href":"https:\/\/irankiuzona.lt\/ru\/wp-json\/wp\/v2\/product\/265171\/revisions"}],"predecessor-version":[{"id":423512,"href":"https:\/\/irankiuzona.lt\/ru\/wp-json\/wp\/v2\/product\/265171\/revisions\/423512"}],"wp:featuredmedia":[{"embeddable":true,"href":"https:\/\/irankiuzona.lt\/ru\/wp-json\/wp\/v2\/media\/265173"}],"wp:attachment":[{"href":"https:\/\/irankiuzona.lt\/ru\/wp-json\/wp\/v2\/media?parent=265171"}],"wp:term":[{"taxonomy":"product_cat","embeddable":true,"href":"https:\/\/irankiuzona.lt\/ru\/wp-json\/wp\/v2\/product_cat?post=265171"},{"taxonomy":"product_tag","embeddable":true,"href":"https:\/\/irankiuzona.lt\/ru\/wp-json\/wp\/v2\/product_tag?post=265171"}],"curies":[{"name":"wp","href":"https:\/\/api.w.org\/{rel}","templated":true}]}}