{"id":265192,"date":"2024-09-29T14:01:06","date_gmt":"2024-09-29T14:01:06","guid":{"rendered":"https:\/\/irankiuzona.lt\/product\/graztas-antgalis-metalui-1-4hss-g-o-6-0\/"},"modified":"2026-05-16T16:15:58","modified_gmt":"2026-05-16T16:15:58","slug":"graztas-antgalis-metalui-1-4hss-g-o-6-0","status":"publish","type":"product","link":"https:\/\/irankiuzona.lt\/ru\/product\/graztas-antgalis-metalui-1-4hss-g-o-6-0\/","title":{"rendered":"Gr\u0105\u017etas antgalis metalui 1\/4&#8221;HSS-G \u00f8 6.0"},"content":{"rendered":"","protected":false},"excerpt":{"rendered":"<p>Gr\u0105\u017etas antgalis metalui 1\/4&#8221;HSS-G \u00f8 6.0<\/p>","protected":false},"featured_media":265194,"comment_status":"open","ping_status":"open","template":"","meta":[],"product_cat":[10139],"product_tag":[9462],"class_list":{"0":"post-265192","1":"product","2":"type-product","3":"status-publish","4":"has-post-thumbnail","6":"product_brand-condor-werkzeug-vokietija","7":"product_cat-graztai-metalui-su-sesiakampiu-tvirtinimu","8":"product_tag-condor-werkzeug-vokietija","10":"first","11":"instock","12":"purchasable","13":"product-type-simple"},"jetpack_sharing_enabled":true,"_links":{"self":[{"href":"https:\/\/irankiuzona.lt\/ru\/wp-json\/wp\/v2\/product\/265192","targetHints":{"allow":["GET"]}}],"collection":[{"href":"https:\/\/irankiuzona.lt\/ru\/wp-json\/wp\/v2\/product"}],"about":[{"href":"https:\/\/irankiuzona.lt\/ru\/wp-json\/wp\/v2\/types\/product"}],"replies":[{"embeddable":true,"href":"https:\/\/irankiuzona.lt\/ru\/wp-json\/wp\/v2\/comments?post=265192"}],"version-history":[{"count":1,"href":"https:\/\/irankiuzona.lt\/ru\/wp-json\/wp\/v2\/product\/265192\/revisions"}],"predecessor-version":[{"id":423519,"href":"https:\/\/irankiuzona.lt\/ru\/wp-json\/wp\/v2\/product\/265192\/revisions\/423519"}],"wp:featuredmedia":[{"embeddable":true,"href":"https:\/\/irankiuzona.lt\/ru\/wp-json\/wp\/v2\/media\/265194"}],"wp:attachment":[{"href":"https:\/\/irankiuzona.lt\/ru\/wp-json\/wp\/v2\/media?parent=265192"}],"wp:term":[{"taxonomy":"product_cat","embeddable":true,"href":"https:\/\/irankiuzona.lt\/ru\/wp-json\/wp\/v2\/product_cat?post=265192"},{"taxonomy":"product_tag","embeddable":true,"href":"https:\/\/irankiuzona.lt\/ru\/wp-json\/wp\/v2\/product_tag?post=265192"}],"curies":[{"name":"wp","href":"https:\/\/api.w.org\/{rel}","templated":true}]}}