{"id":265198,"date":"2024-09-29T14:01:07","date_gmt":"2024-09-29T14:01:07","guid":{"rendered":"https:\/\/irankiuzona.lt\/product\/graztai-metalui-hss-g-1-13mm-25-daliu\/"},"modified":"2026-05-14T07:33:55","modified_gmt":"2026-05-14T07:33:55","slug":"graztai-metalui-hss-g-1-13mm-25-daliu","status":"publish","type":"product","link":"https:\/\/irankiuzona.lt\/ru\/product\/graztai-metalui-hss-g-1-13mm-25-daliu\/","title":{"rendered":"Gr\u0105\u017etai metalui HSS-G 1-13mm 25 dali\u0173"},"content":{"rendered":"<p>pilnai \u0161lifuotas, pagamintas pagal DIN 338<br \/>\nidealiai tinka sunkiai apdirbamoms med\u017eiagoms, pvz. V2A, V4A, plienas, ketus<br \/>\nsu padalijimo ta\u0161ku pagal DIN 1412C, smaigalio kampas 135\u00b0<br \/>\n\u00f8 1.0, 1.5, 2.0, 2.5, 3.0, 3.5, 4.0, 4.5, 5.0, 5.5, 6.0, 6.5, 7.0, 7.5, 8.0, 8.5, 9.0, 9.5, 10.0, 10.5, 11.0, 11.5, 12.5, 13.0 mm<\/p>","protected":false},"excerpt":{"rendered":"<p>Gr\u0105\u017etai metalui HSS-G 1-13mm 25 dali\u0173<\/p>","protected":false},"featured_media":265200,"comment_status":"open","ping_status":"open","template":"","meta":[],"product_cat":[9582],"product_tag":[9462],"class_list":{"0":"post-265198","1":"product","2":"type-product","3":"status-publish","4":"has-post-thumbnail","6":"product_brand-condor-werkzeug-vokietija","7":"product_cat-graztu-metalui-komplektai","8":"product_tag-condor-werkzeug-vokietija","10":"first","11":"instock","12":"purchasable","13":"product-type-simple"},"jetpack_sharing_enabled":true,"_links":{"self":[{"href":"https:\/\/irankiuzona.lt\/ru\/wp-json\/wp\/v2\/product\/265198","targetHints":{"allow":["GET"]}}],"collection":[{"href":"https:\/\/irankiuzona.lt\/ru\/wp-json\/wp\/v2\/product"}],"about":[{"href":"https:\/\/irankiuzona.lt\/ru\/wp-json\/wp\/v2\/types\/product"}],"replies":[{"embeddable":true,"href":"https:\/\/irankiuzona.lt\/ru\/wp-json\/wp\/v2\/comments?post=265198"}],"version-history":[{"count":1,"href":"https:\/\/irankiuzona.lt\/ru\/wp-json\/wp\/v2\/product\/265198\/revisions"}],"predecessor-version":[{"id":423521,"href":"https:\/\/irankiuzona.lt\/ru\/wp-json\/wp\/v2\/product\/265198\/revisions\/423521"}],"wp:featuredmedia":[{"embeddable":true,"href":"https:\/\/irankiuzona.lt\/ru\/wp-json\/wp\/v2\/media\/265200"}],"wp:attachment":[{"href":"https:\/\/irankiuzona.lt\/ru\/wp-json\/wp\/v2\/media?parent=265198"}],"wp:term":[{"taxonomy":"product_cat","embeddable":true,"href":"https:\/\/irankiuzona.lt\/ru\/wp-json\/wp\/v2\/product_cat?post=265198"},{"taxonomy":"product_tag","embeddable":true,"href":"https:\/\/irankiuzona.lt\/ru\/wp-json\/wp\/v2\/product_tag?post=265198"}],"curies":[{"name":"wp","href":"https:\/\/api.w.org\/{rel}","templated":true}]}}