{"id":265231,"date":"2024-09-29T14:01:09","date_gmt":"2024-09-29T14:01:09","guid":{"rendered":"https:\/\/irankiuzona.lt\/product\/graztai-metalui-hss-g-25-102mm-7-daliu\/"},"modified":"2026-05-14T07:33:56","modified_gmt":"2026-05-14T07:33:56","slug":"graztai-metalui-hss-g-25-102mm-7-daliu","status":"publish","type":"product","link":"https:\/\/irankiuzona.lt\/ru\/product\/graztai-metalui-hss-g-25-102mm-7-daliu\/","title":{"rendered":"Gr\u0105\u017etai metalui HSS-G 2,5-10,2mm 7 dali\u0173"},"content":{"rendered":"<p>pilnai \u0161lifuotas, pagamintas pagal DIN 338\u00a0su padalijimo ta\u0161ku nuo 3 mm \u00f8, pagal DIN 1412C, smaigalio kampas 135\u00b0trikampis kotas nuo 5 mm \u00f8, kad griebtuvas neslyst\u0173\u00a0idealiai tinka sunkiai apdirbamoms med\u017eiagoms < 1100 N\/mm\u00b2, pvz. plieno, ketaus\n\u00f8 2,5, 3,3, 4,2, 5,0, 6,8, 8,5, 10,2 mm\n\u00a0\n<\/p>","protected":false},"excerpt":{"rendered":"<p>Gr\u0105\u017etai metalui HSS-G 2,5-10,2mm 7 dali\u0173<\/p>","protected":false},"featured_media":265233,"comment_status":"open","ping_status":"open","template":"","meta":[],"product_cat":[9582],"product_tag":[9462],"class_list":{"0":"post-265231","1":"product","2":"type-product","3":"status-publish","4":"has-post-thumbnail","6":"product_brand-condor-werkzeug-vokietija","7":"product_cat-graztu-metalui-komplektai","8":"product_tag-condor-werkzeug-vokietija","10":"first","11":"instock","12":"purchasable","13":"product-type-simple"},"jetpack_sharing_enabled":true,"_links":{"self":[{"href":"https:\/\/irankiuzona.lt\/ru\/wp-json\/wp\/v2\/product\/265231","targetHints":{"allow":["GET"]}}],"collection":[{"href":"https:\/\/irankiuzona.lt\/ru\/wp-json\/wp\/v2\/product"}],"about":[{"href":"https:\/\/irankiuzona.lt\/ru\/wp-json\/wp\/v2\/types\/product"}],"replies":[{"embeddable":true,"href":"https:\/\/irankiuzona.lt\/ru\/wp-json\/wp\/v2\/comments?post=265231"}],"version-history":[{"count":1,"href":"https:\/\/irankiuzona.lt\/ru\/wp-json\/wp\/v2\/product\/265231\/revisions"}],"predecessor-version":[{"id":423532,"href":"https:\/\/irankiuzona.lt\/ru\/wp-json\/wp\/v2\/product\/265231\/revisions\/423532"}],"wp:featuredmedia":[{"embeddable":true,"href":"https:\/\/irankiuzona.lt\/ru\/wp-json\/wp\/v2\/media\/265233"}],"wp:attachment":[{"href":"https:\/\/irankiuzona.lt\/ru\/wp-json\/wp\/v2\/media?parent=265231"}],"wp:term":[{"taxonomy":"product_cat","embeddable":true,"href":"https:\/\/irankiuzona.lt\/ru\/wp-json\/wp\/v2\/product_cat?post=265231"},{"taxonomy":"product_tag","embeddable":true,"href":"https:\/\/irankiuzona.lt\/ru\/wp-json\/wp\/v2\/product_tag?post=265231"}],"curies":[{"name":"wp","href":"https:\/\/api.w.org\/{rel}","templated":true}]}}