{"id":265279,"date":"2024-09-29T14:01:13","date_gmt":"2024-09-29T14:01:13","guid":{"rendered":"https:\/\/irankiuzona.lt\/product\/kalamas-raktas-sunkvezimiu-stabdziams-3-4-h18mm\/"},"modified":"2026-05-16T16:16:02","modified_gmt":"2026-05-16T16:16:02","slug":"kalamas-raktas-sunkvezimiu-stabdziams-3-4-h18mm","status":"publish","type":"product","link":"https:\/\/irankiuzona.lt\/ru\/product\/kalamas-raktas-sunkvezimiu-stabdziams-3-4-h18mm\/","title":{"rendered":"Kalamas raktas sunkve\u017eimi\u0173 stabd\u017eiams 3\/4 H18mm"},"content":{"rendered":"<p>Komercini\u0173 transporto priemoni\u0173 priekini\u0173 ir galini\u0173 a\u0161i\u0173 stabd\u017ei\u0173 apkabos var\u017etams\u00a0d\u0117l ver\u017eliarak\u010dio konstrukcijos neb\u016btina ardyti vik\u0161ro strypo svirtiesvar\u017etams priver\u017eti ver\u017eliarak\u010diu pagal gamintojo specifikacijas<br \/>\n\u00a0<\/p>","protected":false},"excerpt":{"rendered":"<p>Kalamas raktas sunkve\u017eimi\u0173 stabd\u017eiams 3\/4 H18mm<\/p>","protected":false},"featured_media":265281,"comment_status":"open","ping_status":"open","template":"","meta":[],"product_cat":[9865],"product_tag":[9462],"class_list":{"0":"post-265279","1":"product","2":"type-product","3":"status-publish","4":"has-post-thumbnail","6":"product_brand-condor-werkzeug-vokietija","7":"product_cat-raktai-sunkvezimiams","8":"product_tag-condor-werkzeug-vokietija","10":"first","11":"instock","12":"purchasable","13":"product-type-simple"},"jetpack_sharing_enabled":true,"_links":{"self":[{"href":"https:\/\/irankiuzona.lt\/ru\/wp-json\/wp\/v2\/product\/265279","targetHints":{"allow":["GET"]}}],"collection":[{"href":"https:\/\/irankiuzona.lt\/ru\/wp-json\/wp\/v2\/product"}],"about":[{"href":"https:\/\/irankiuzona.lt\/ru\/wp-json\/wp\/v2\/types\/product"}],"replies":[{"embeddable":true,"href":"https:\/\/irankiuzona.lt\/ru\/wp-json\/wp\/v2\/comments?post=265279"}],"version-history":[{"count":1,"href":"https:\/\/irankiuzona.lt\/ru\/wp-json\/wp\/v2\/product\/265279\/revisions"}],"predecessor-version":[{"id":423549,"href":"https:\/\/irankiuzona.lt\/ru\/wp-json\/wp\/v2\/product\/265279\/revisions\/423549"}],"wp:featuredmedia":[{"embeddable":true,"href":"https:\/\/irankiuzona.lt\/ru\/wp-json\/wp\/v2\/media\/265281"}],"wp:attachment":[{"href":"https:\/\/irankiuzona.lt\/ru\/wp-json\/wp\/v2\/media?parent=265279"}],"wp:term":[{"taxonomy":"product_cat","embeddable":true,"href":"https:\/\/irankiuzona.lt\/ru\/wp-json\/wp\/v2\/product_cat?post=265279"},{"taxonomy":"product_tag","embeddable":true,"href":"https:\/\/irankiuzona.lt\/ru\/wp-json\/wp\/v2\/product_tag?post=265279"}],"curies":[{"name":"wp","href":"https:\/\/api.w.org\/{rel}","templated":true}]}}