{"id":265354,"date":"2024-09-29T14:01:18","date_gmt":"2024-09-29T14:01:18","guid":{"rendered":"https:\/\/irankiuzona.lt\/product\/tarpines-o-formos-900-daliu\/"},"modified":"2026-04-16T02:50:00","modified_gmt":"2026-04-16T02:50:00","slug":"tarpines-o-formos-900-daliu","status":"publish","type":"product","link":"https:\/\/irankiuzona.lt\/ru\/product\/tarpines-o-formos-900-daliu\/","title":{"rendered":"Tarpin\u0117s O formos 900 dali\u0173"},"content":{"rendered":"<p>Alyvai atspari\u0173 O \u017eied\u0173 rinkinys 900 vnt.KD10505:\u2022 Tu\u0161\u010dia d\u0117\u017eut\u0117;\u2022 HNBR sandarikli\u0173 komplektas;\u2022 Metrini\u0173 O \u017eied\u0173 rinkinys;\u2022 Colini\u0173 O-\u017eied\u0173 rinkinys.<\/p>","protected":false},"excerpt":{"rendered":"<p>Apvali\u0173 tarpini\u0173 komplektas 900 dali\u0173.<\/p>","protected":false},"featured_media":265356,"comment_status":"open","ping_status":"open","template":"","meta":[],"product_cat":[9438],"product_tag":[10104],"class_list":{"0":"post-265354","1":"product","2":"type-product","3":"status-publish","4":"has-post-thumbnail","6":"product_brand-kraftdele","7":"product_cat-tarpines-savarzos-smeiges-kaisciai-ir-kiti-rinkiniai","8":"product_tag-kraftdele","10":"first","11":"instock","12":"purchasable","13":"product-type-simple"},"jetpack_sharing_enabled":true,"_links":{"self":[{"href":"https:\/\/irankiuzona.lt\/ru\/wp-json\/wp\/v2\/product\/265354","targetHints":{"allow":["GET"]}}],"collection":[{"href":"https:\/\/irankiuzona.lt\/ru\/wp-json\/wp\/v2\/product"}],"about":[{"href":"https:\/\/irankiuzona.lt\/ru\/wp-json\/wp\/v2\/types\/product"}],"replies":[{"embeddable":true,"href":"https:\/\/irankiuzona.lt\/ru\/wp-json\/wp\/v2\/comments?post=265354"}],"version-history":[{"count":1,"href":"https:\/\/irankiuzona.lt\/ru\/wp-json\/wp\/v2\/product\/265354\/revisions"}],"predecessor-version":[{"id":423574,"href":"https:\/\/irankiuzona.lt\/ru\/wp-json\/wp\/v2\/product\/265354\/revisions\/423574"}],"wp:featuredmedia":[{"embeddable":true,"href":"https:\/\/irankiuzona.lt\/ru\/wp-json\/wp\/v2\/media\/265356"}],"wp:attachment":[{"href":"https:\/\/irankiuzona.lt\/ru\/wp-json\/wp\/v2\/media?parent=265354"}],"wp:term":[{"taxonomy":"product_cat","embeddable":true,"href":"https:\/\/irankiuzona.lt\/ru\/wp-json\/wp\/v2\/product_cat?post=265354"},{"taxonomy":"product_tag","embeddable":true,"href":"https:\/\/irankiuzona.lt\/ru\/wp-json\/wp\/v2\/product_tag?post=265354"}],"curies":[{"name":"wp","href":"https:\/\/api.w.org\/{rel}","templated":true}]}}