{"id":265360,"date":"2024-09-29T14:01:19","date_gmt":"2024-09-29T14:01:19","guid":{"rendered":"https:\/\/irankiuzona.lt\/product\/pneumatinis-domkratas-45ton-3-pagalviu\/"},"modified":"2026-04-18T12:19:47","modified_gmt":"2026-04-18T12:19:47","slug":"pneumatinis-domkratas-45ton-3-pagalviu","status":"publish","type":"product","link":"https:\/\/irankiuzona.lt\/ru\/product\/pneumatinis-domkratas-45ton-3-pagalviu\/","title":{"rendered":"Pneumatinis domkratas 4,5ton \/ 3-pagalvi\u0173"},"content":{"rendered":"<p>K\u0117limo auk\u0161tis : 150-400 mm<br \/>\nSvoris: 28kg<br \/>\nPagalvi\u0173 skai\u010dius: 3<\/p>","protected":false},"excerpt":{"rendered":"<p>Pneumatinis domkratas 4,5ton \/ 3-pagalvi\u0173<\/p>","protected":false},"featured_media":265362,"comment_status":"open","ping_status":"open","template":"","meta":[],"product_cat":[10056],"product_tag":[10104],"class_list":{"0":"post-265360","1":"product","2":"type-product","3":"status-publish","4":"has-post-thumbnail","6":"product_brand-kraftdele","7":"product_cat-domkratai-su-oro-pagalvemis","8":"product_tag-kraftdele","10":"first","11":"outofstock","12":"purchasable","13":"product-type-simple"},"jetpack_sharing_enabled":true,"_links":{"self":[{"href":"https:\/\/irankiuzona.lt\/ru\/wp-json\/wp\/v2\/product\/265360","targetHints":{"allow":["GET"]}}],"collection":[{"href":"https:\/\/irankiuzona.lt\/ru\/wp-json\/wp\/v2\/product"}],"about":[{"href":"https:\/\/irankiuzona.lt\/ru\/wp-json\/wp\/v2\/types\/product"}],"replies":[{"embeddable":true,"href":"https:\/\/irankiuzona.lt\/ru\/wp-json\/wp\/v2\/comments?post=265360"}],"version-history":[{"count":1,"href":"https:\/\/irankiuzona.lt\/ru\/wp-json\/wp\/v2\/product\/265360\/revisions"}],"predecessor-version":[{"id":423576,"href":"https:\/\/irankiuzona.lt\/ru\/wp-json\/wp\/v2\/product\/265360\/revisions\/423576"}],"wp:featuredmedia":[{"embeddable":true,"href":"https:\/\/irankiuzona.lt\/ru\/wp-json\/wp\/v2\/media\/265362"}],"wp:attachment":[{"href":"https:\/\/irankiuzona.lt\/ru\/wp-json\/wp\/v2\/media?parent=265360"}],"wp:term":[{"taxonomy":"product_cat","embeddable":true,"href":"https:\/\/irankiuzona.lt\/ru\/wp-json\/wp\/v2\/product_cat?post=265360"},{"taxonomy":"product_tag","embeddable":true,"href":"https:\/\/irankiuzona.lt\/ru\/wp-json\/wp\/v2\/product_tag?post=265360"}],"curies":[{"name":"wp","href":"https:\/\/api.w.org\/{rel}","templated":true}]}}