{"id":265402,"date":"2024-09-29T14:01:21","date_gmt":"2024-09-29T14:01:21","guid":{"rendered":"https:\/\/irankiuzona.lt\/product\/tepalo-filtro-galvutes-15-daliu\/"},"modified":"2026-04-13T09:53:32","modified_gmt":"2026-04-13T09:53:32","slug":"tepalo-filtro-galvutes-15-daliu","status":"publish","type":"product","link":"https:\/\/irankiuzona.lt\/ru\/product\/tepalo-filtro-galvutes-15-daliu\/","title":{"rendered":"Tepalo filtro galvut\u0117s 15 dali\u0173"},"content":{"rendered":"<p>HC-65\/14 65 14 GM, Daihatsu, ToyotaHC-68\/14 68 14 Mazda, Ford Escort, SubaruHC-73\/14 73 14 Toyota, LexusHC-74\/76 74-76 15 SaturnasHC-76\/14 76 14 VW, Porsche, Mercedes, BMW, Audi A3, OpelHC-80\/15 80 15 Nissan, Honda, Mazda, Isuzu, Subaru, Opel, ToyotaHC-93\/15 93 15 Opel, Mazda, Volvo, Mitsubishi, Nissan, VW, Porsche, Renault, Ford, Honda, AudiHC-93\/36 93 36 FordHC-65\/67 65-67 14 DaihatsuHC-80\/82 80-82 15 Mazda, Subaru, Toyota, Honda, Acura, NissanHC-90\/15 90 15 Honda Accord, Mitsubishi, IsuzuHC-75\/77 75-77 15 VW, Audi, Ford, Isuzu, Mercedes, Opel<\/p>","protected":false},"excerpt":{"rendered":"<p>Tepalo filtro\u00a0l\u0117k\u0161tut\u0117s 15 dali\u0173<\/p>","protected":false},"featured_media":265404,"comment_status":"open","ping_status":"open","template":"","meta":[],"product_cat":[9547],"product_tag":[10104],"class_list":{"0":"post-265402","1":"product","2":"type-product","3":"status-publish","4":"has-post-thumbnail","6":"product_brand-kraftdele","7":"product_cat-galvu-komplektai-tepalo-filtrams","8":"product_tag-kraftdele","10":"first","11":"outofstock","12":"purchasable","13":"product-type-simple"},"jetpack_sharing_enabled":true,"_links":{"self":[{"href":"https:\/\/irankiuzona.lt\/ru\/wp-json\/wp\/v2\/product\/265402","targetHints":{"allow":["GET"]}}],"collection":[{"href":"https:\/\/irankiuzona.lt\/ru\/wp-json\/wp\/v2\/product"}],"about":[{"href":"https:\/\/irankiuzona.lt\/ru\/wp-json\/wp\/v2\/types\/product"}],"replies":[{"embeddable":true,"href":"https:\/\/irankiuzona.lt\/ru\/wp-json\/wp\/v2\/comments?post=265402"}],"version-history":[{"count":1,"href":"https:\/\/irankiuzona.lt\/ru\/wp-json\/wp\/v2\/product\/265402\/revisions"}],"predecessor-version":[{"id":423590,"href":"https:\/\/irankiuzona.lt\/ru\/wp-json\/wp\/v2\/product\/265402\/revisions\/423590"}],"wp:featuredmedia":[{"embeddable":true,"href":"https:\/\/irankiuzona.lt\/ru\/wp-json\/wp\/v2\/media\/265404"}],"wp:attachment":[{"href":"https:\/\/irankiuzona.lt\/ru\/wp-json\/wp\/v2\/media?parent=265402"}],"wp:term":[{"taxonomy":"product_cat","embeddable":true,"href":"https:\/\/irankiuzona.lt\/ru\/wp-json\/wp\/v2\/product_cat?post=265402"},{"taxonomy":"product_tag","embeddable":true,"href":"https:\/\/irankiuzona.lt\/ru\/wp-json\/wp\/v2\/product_tag?post=265402"}],"curies":[{"name":"wp","href":"https:\/\/api.w.org\/{rel}","templated":true}]}}