{"id":265426,"date":"2024-09-29T14:01:22","date_gmt":"2024-09-29T14:01:22","guid":{"rendered":"https:\/\/irankiuzona.lt\/product\/graztu-suvirinimo-taskams-komplektas\/"},"modified":"2026-05-15T16:39:14","modified_gmt":"2026-05-15T16:39:14","slug":"graztu-suvirinimo-taskams-komplektas","status":"publish","type":"product","link":"https:\/\/irankiuzona.lt\/ru\/product\/graztu-suvirinimo-taskams-komplektas\/","title":{"rendered":"Gr\u0105\u017et\u0173 suvirinimo ta\u0161kams komplektas"},"content":{"rendered":"<p>Profesional\u016bs gra\u017etai\u00a0skirti pa\u0161alinti suvirinimo si\u016bles.\u00a0Gr\u0105\u017etai yra specialiai sukurti ta\u0161kiniam gr\u0119\u017eimui. Pagaminta i\u0161 auk\u0161tos kokyb\u0117s greitaeigio HSS plieno, kuris apsaugo nuo antgali\u0173 nusid\u0117v\u0117jimo ir perkaitimo. Greitas ir paprastas b\u016bdas pa\u0161alinti da\u017eniausiai pasitaikan\u010dius ta\u0161kinius suvirinimo dyd\u017eius automobili\u0173 remonto ir k\u0117bulo remonto srityse.\u00a0Visas komplektas yra prakti\u0161koje d\u0117\u017eut\u0117je.<\/p>","protected":false},"excerpt":{"rendered":"<p>Gr\u0105\u017et\u0173 suvirinimo ta\u0161kams komplektas\u00a0 6,5; 8; 10mm<\/p>","protected":false},"featured_media":265428,"comment_status":"open","ping_status":"open","template":"","meta":[],"product_cat":[9602],"product_tag":[10087],"class_list":{"0":"post-265426","1":"product","2":"type-product","3":"status-publish","4":"has-post-thumbnail","6":"product_brand-verke","7":"product_cat-graztai-suvirinimo-taskams","8":"product_tag-verke","10":"first","11":"instock","12":"purchasable","13":"product-type-simple"},"jetpack_sharing_enabled":true,"_links":{"self":[{"href":"https:\/\/irankiuzona.lt\/ru\/wp-json\/wp\/v2\/product\/265426","targetHints":{"allow":["GET"]}}],"collection":[{"href":"https:\/\/irankiuzona.lt\/ru\/wp-json\/wp\/v2\/product"}],"about":[{"href":"https:\/\/irankiuzona.lt\/ru\/wp-json\/wp\/v2\/types\/product"}],"replies":[{"embeddable":true,"href":"https:\/\/irankiuzona.lt\/ru\/wp-json\/wp\/v2\/comments?post=265426"}],"version-history":[{"count":1,"href":"https:\/\/irankiuzona.lt\/ru\/wp-json\/wp\/v2\/product\/265426\/revisions"}],"predecessor-version":[{"id":423598,"href":"https:\/\/irankiuzona.lt\/ru\/wp-json\/wp\/v2\/product\/265426\/revisions\/423598"}],"wp:featuredmedia":[{"embeddable":true,"href":"https:\/\/irankiuzona.lt\/ru\/wp-json\/wp\/v2\/media\/265428"}],"wp:attachment":[{"href":"https:\/\/irankiuzona.lt\/ru\/wp-json\/wp\/v2\/media?parent=265426"}],"wp:term":[{"taxonomy":"product_cat","embeddable":true,"href":"https:\/\/irankiuzona.lt\/ru\/wp-json\/wp\/v2\/product_cat?post=265426"},{"taxonomy":"product_tag","embeddable":true,"href":"https:\/\/irankiuzona.lt\/ru\/wp-json\/wp\/v2\/product_tag?post=265426"}],"curies":[{"name":"wp","href":"https:\/\/api.w.org\/{rel}","templated":true}]}}